{"id":904,"date":"2019-11-18T15:09:19","date_gmt":"2019-11-18T14:09:19","guid":{"rendered":"http:\/\/localhost\/Aeronavale\/?page_id=904"},"modified":"2019-11-18T15:09:21","modified_gmt":"2019-11-18T14:09:21","slug":"trombinoscope-partie-2","status":"publish","type":"page","link":"https:\/\/aeronavalejc.com\/Aeronavale\/trombinoscope-partie-2\/","title":{"rendered":"Trombinoscope partie 2"},"content":{"rendered":"\n<div class=\"wp-block-image\"><figure class=\"aligncenter size-large\"><img decoding=\"async\" loading=\"lazy\" width=\"768\" height=\"1024\" src=\"http:\/\/localhost\/Aeronavale\/wp-content\/uploads\/2019\/11\/Trombi_2L-768x1024.jpg\" alt=\"\" class=\"wp-image-905\" srcset=\"https:\/\/aeronavalejc.com\/Aeronavale\/wp-content\/uploads\/2019\/11\/Trombi_2L-768x1024.jpg 768w, https:\/\/aeronavalejc.com\/Aeronavale\/wp-content\/uploads\/2019\/11\/Trombi_2L-225x300.jpg 225w, https:\/\/aeronavalejc.com\/Aeronavale\/wp-content\/uploads\/2019\/11\/Trombi_2L-1152x1536.jpg 1152w, https:\/\/aeronavalejc.com\/Aeronavale\/wp-content\/uploads\/2019\/11\/Trombi_2L-1536x2048.jpg 1536w, https:\/\/aeronavalejc.com\/Aeronavale\/wp-content\/uploads\/2019\/11\/Trombi_2L-scaled.jpg 1921w\" sizes=\"(max-width: 768px) 100vw, 768px\" \/><\/figure><\/div>\n","protected":false},"excerpt":{"rendered":"","protected":false},"author":1,"featured_media":0,"parent":0,"menu_order":0,"comment_status":"closed","ping_status":"closed","template":"","meta":{"advgb_blocks_editor_width":"","advgb_blocks_columns_visual_guide":"","_coblocks_attr":"","_coblocks_dimensions":"","_coblocks_responsive_height":"","_coblocks_accordion_ie_support":"","ngg_post_thumbnail":0},"coauthors":[],"author_meta":{"author_link":"https:\/\/aeronavalejc.com\/Aeronavale\/author\/jca\/","display_name":"JCA"},"relative_dates":{"created":"Publi\u00e9 6 ans il y a","modified":"Mis \u00e0 jour 6 ans il y a"},"absolute_dates":{"created":"Publi\u00e9 le 18 novembre 2019","modified":"Mise \u00e0 jour le 18 novembre 2019"},"absolute_dates_time":{"created":"Publi\u00e9 le 18 novembre 2019 15 h 09 min","modified":"Mise \u00e0 jour le 18 novembre 2019 15 h 09 min"},"featured_img_caption":"","featured_img":false,"series_order":"","_links":{"self":[{"href":"https:\/\/aeronavalejc.com\/Aeronavale\/wp-json\/wp\/v2\/pages\/904"}],"collection":[{"href":"https:\/\/aeronavalejc.com\/Aeronavale\/wp-json\/wp\/v2\/pages"}],"about":[{"href":"https:\/\/aeronavalejc.com\/Aeronavale\/wp-json\/wp\/v2\/types\/page"}],"author":[{"embeddable":true,"href":"https:\/\/aeronavalejc.com\/Aeronavale\/wp-json\/wp\/v2\/users\/1"}],"replies":[{"embeddable":true,"href":"https:\/\/aeronavalejc.com\/Aeronavale\/wp-json\/wp\/v2\/comments?post=904"}],"version-history":[{"count":1,"href":"https:\/\/aeronavalejc.com\/Aeronavale\/wp-json\/wp\/v2\/pages\/904\/revisions"}],"predecessor-version":[{"id":906,"href":"https:\/\/aeronavalejc.com\/Aeronavale\/wp-json\/wp\/v2\/pages\/904\/revisions\/906"}],"wp:attachment":[{"href":"https:\/\/aeronavalejc.com\/Aeronavale\/wp-json\/wp\/v2\/media?parent=904"}],"curies":[{"name":"wp","href":"https:\/\/api.w.org\/{rel}","templated":true}]}}