{"id":898,"date":"2019-11-18T15:01:25","date_gmt":"2019-11-18T14:01:25","guid":{"rendered":"http:\/\/localhost\/Aeronavale\/?page_id=898"},"modified":"2019-11-18T15:01:26","modified_gmt":"2019-11-18T14:01:26","slug":"trombinoscope-partie-1","status":"publish","type":"page","link":"https:\/\/aeronavalejc.com\/Aeronavale\/trombinoscope-partie-1\/","title":{"rendered":"Trombinoscope partie 1"},"content":{"rendered":"\n<div class=\"wp-block-image\"><figure class=\"aligncenter size-large is-resized\"><img decoding=\"async\" loading=\"lazy\" src=\"http:\/\/localhost\/Aeronavale\/wp-content\/uploads\/2019\/11\/Trombi_1L-723x1024.jpg\" alt=\"\" class=\"wp-image-899\" width=\"761\" height=\"1078\" srcset=\"https:\/\/aeronavalejc.com\/Aeronavale\/wp-content\/uploads\/2019\/11\/Trombi_1L-723x1024.jpg 723w, https:\/\/aeronavalejc.com\/Aeronavale\/wp-content\/uploads\/2019\/11\/Trombi_1L-212x300.jpg 212w, https:\/\/aeronavalejc.com\/Aeronavale\/wp-content\/uploads\/2019\/11\/Trombi_1L-768x1087.jpg 768w, https:\/\/aeronavalejc.com\/Aeronavale\/wp-content\/uploads\/2019\/11\/Trombi_1L-1085x1536.jpg 1085w, https:\/\/aeronavalejc.com\/Aeronavale\/wp-content\/uploads\/2019\/11\/Trombi_1L-1447x2048.jpg 1447w, https:\/\/aeronavalejc.com\/Aeronavale\/wp-content\/uploads\/2019\/11\/Trombi_1L-scaled.jpg 1808w\" sizes=\"(max-width: 761px) 100vw, 761px\" \/><\/figure><\/div>\n","protected":false},"excerpt":{"rendered":"","protected":false},"author":1,"featured_media":0,"parent":0,"menu_order":0,"comment_status":"closed","ping_status":"closed","template":"","meta":{"advgb_blocks_editor_width":"","advgb_blocks_columns_visual_guide":"","_coblocks_attr":"","_coblocks_dimensions":"","_coblocks_responsive_height":"","_coblocks_accordion_ie_support":"","ngg_post_thumbnail":0},"coauthors":[],"author_meta":{"author_link":"https:\/\/aeronavalejc.com\/Aeronavale\/author\/jca\/","display_name":"JCA"},"relative_dates":{"created":"Publi\u00e9 6 ans il y a","modified":"Mis \u00e0 jour 6 ans il y a"},"absolute_dates":{"created":"Publi\u00e9 le 18 novembre 2019","modified":"Mise \u00e0 jour le 18 novembre 2019"},"absolute_dates_time":{"created":"Publi\u00e9 le 18 novembre 2019 15 h 01 min","modified":"Mise \u00e0 jour le 18 novembre 2019 15 h 01 min"},"featured_img_caption":"","featured_img":false,"series_order":"","_links":{"self":[{"href":"https:\/\/aeronavalejc.com\/Aeronavale\/wp-json\/wp\/v2\/pages\/898"}],"collection":[{"href":"https:\/\/aeronavalejc.com\/Aeronavale\/wp-json\/wp\/v2\/pages"}],"about":[{"href":"https:\/\/aeronavalejc.com\/Aeronavale\/wp-json\/wp\/v2\/types\/page"}],"author":[{"embeddable":true,"href":"https:\/\/aeronavalejc.com\/Aeronavale\/wp-json\/wp\/v2\/users\/1"}],"replies":[{"embeddable":true,"href":"https:\/\/aeronavalejc.com\/Aeronavale\/wp-json\/wp\/v2\/comments?post=898"}],"version-history":[{"count":2,"href":"https:\/\/aeronavalejc.com\/Aeronavale\/wp-json\/wp\/v2\/pages\/898\/revisions"}],"predecessor-version":[{"id":901,"href":"https:\/\/aeronavalejc.com\/Aeronavale\/wp-json\/wp\/v2\/pages\/898\/revisions\/901"}],"wp:attachment":[{"href":"https:\/\/aeronavalejc.com\/Aeronavale\/wp-json\/wp\/v2\/media?parent=898"}],"curies":[{"name":"wp","href":"https:\/\/api.w.org\/{rel}","templated":true}]}}