{"id":86,"date":"2019-10-05T16:31:30","date_gmt":"2019-10-05T14:31:30","guid":{"rendered":"http:\/\/localhost\/Aeronavale\/?page_id=86"},"modified":"2022-03-24T09:18:32","modified_gmt":"2022-03-24T08:18:32","slug":"meeting-air-legend-2019","status":"publish","type":"page","link":"https:\/\/aeronavalejc.com\/Aeronavale\/meeting-air-legend-2019\/","title":{"rendered":"Meeting Air Legend 2019"},"content":{"rendered":"\n<div style=\"height:50px\" aria-hidden=\"true\" class=\"wp-block-spacer\"><\/div>\n\n\n\n<div class=\"wp-block-media-text alignwide is-stacked-on-mobile\" style=\"grid-template-columns:34% auto\"><figure class=\"wp-block-media-text__media\"><img decoding=\"async\" loading=\"lazy\" width=\"548\" height=\"788\" src=\"http:\/\/localhost\/Aeronavale\/wp-content\/uploads\/2019\/11\/Affiche-Air-Legend-1.jpg\" alt=\"\" class=\"wp-image-749 size-full\" srcset=\"https:\/\/aeronavalejc.com\/Aeronavale\/wp-content\/uploads\/2019\/11\/Affiche-Air-Legend-1.jpg 548w, https:\/\/aeronavalejc.com\/Aeronavale\/wp-content\/uploads\/2019\/11\/Affiche-Air-Legend-1-209x300.jpg 209w\" sizes=\"(max-width: 548px) 100vw, 548px\" \/><\/figure><div class=\"wp-block-media-text__content\">\n<p class=\"has-text-align-center has-vivid-cyan-blue-color has-text-color has-medium-font-size\"><em>Super show a\u00e9rien ,regroupant d&rsquo;anciens avions de guerre.<\/em><\/p>\n\n\n\n<p class=\"has-text-align-center has-vivid-cyan-blue-color has-text-color has-medium-font-size\"><em>Entrez dans le monde des Warplanes !<\/em><\/p>\n\n\n\n<p class=\"has-text-align-center has-vivid-cyan-blue-color has-text-color has-medium-font-size\"><em>A voir absolument !<\/em><\/p>\n\n\n\n<div class=\"wp-block-advgb-button aligncenter\"><a class=\"wp-block-advgb-button_link advgbbtn-4022f5dc-a092-41d2-aee8-87345edcaebe\" href=\"https:\/\/aeronavalejc.com\/Aeronavale\/wp-admin\/images\/Galerie_Air_Legend\/index.html\" target=\"_self\" rel=\"noopener noreferrer\"><span><em>Acc\u00e8s galerie<\/em><\/span><\/a><\/div>\n<\/div><\/div>\n\n\n\n<div style=\"height:60px\" aria-hidden=\"true\" class=\"wp-block-spacer\"><\/div>\n<style class=\"advgb-styles-renderer\">.advgbbtn-4022f5dc-a092-41d2-aee8-87345edcaebe{font-size:14px;color:#313131 !important;background-color:#8ed1fc !important;margin:0px 0px 0px 0px !important;padding:10px 30px 10px 30px;border-width:1px !important;border-style:none;border-radius:50px !important;}.advgbbtn-4022f5dc-a092-41d2-aee8-87345edcaebe:hover{color:#313131 !important;background-color:#cf2e2e !important;box-shadow:1px 1px 12px 0px #ccc;opacity:1;transition:all 0.2s ease;}.advgbbtn-4022f5dc-a092-41d2-aee8-87345edcaebe > i {display: none !important;}<\/style>","protected":false},"excerpt":{"rendered":"","protected":false},"author":1,"featured_media":0,"parent":0,"menu_order":0,"comment_status":"closed","ping_status":"closed","template":"","meta":{"advgb_blocks_editor_width":"","advgb_blocks_columns_visual_guide":"","_coblocks_attr":"","_coblocks_dimensions":"","_coblocks_responsive_height":"","_coblocks_accordion_ie_support":"","ngg_post_thumbnail":0},"coauthors":[],"author_meta":{"author_link":"https:\/\/aeronavalejc.com\/Aeronavale\/author\/jca\/","display_name":"JCA"},"relative_dates":{"created":"Publi\u00e9 7 ans il y a","modified":"Mis \u00e0 jour 4 ans il y a"},"absolute_dates":{"created":"Publi\u00e9 le 5 octobre 2019","modified":"Mise \u00e0 jour le 24 mars 2022"},"absolute_dates_time":{"created":"Publi\u00e9 le 5 octobre 2019 16 h 31 min","modified":"Mise \u00e0 jour le 24 mars 2022 9 h 18 min"},"featured_img_caption":"","featured_img":false,"series_order":"","_links":{"self":[{"href":"https:\/\/aeronavalejc.com\/Aeronavale\/wp-json\/wp\/v2\/pages\/86"}],"collection":[{"href":"https:\/\/aeronavalejc.com\/Aeronavale\/wp-json\/wp\/v2\/pages"}],"about":[{"href":"https:\/\/aeronavalejc.com\/Aeronavale\/wp-json\/wp\/v2\/types\/page"}],"author":[{"embeddable":true,"href":"https:\/\/aeronavalejc.com\/Aeronavale\/wp-json\/wp\/v2\/users\/1"}],"replies":[{"embeddable":true,"href":"https:\/\/aeronavalejc.com\/Aeronavale\/wp-json\/wp\/v2\/comments?post=86"}],"version-history":[{"count":15,"href":"https:\/\/aeronavalejc.com\/Aeronavale\/wp-json\/wp\/v2\/pages\/86\/revisions"}],"predecessor-version":[{"id":1184,"href":"https:\/\/aeronavalejc.com\/Aeronavale\/wp-json\/wp\/v2\/pages\/86\/revisions\/1184"}],"wp:attachment":[{"href":"https:\/\/aeronavalejc.com\/Aeronavale\/wp-json\/wp\/v2\/media?parent=86"}],"curies":[{"name":"wp","href":"https:\/\/api.w.org\/{rel}","templated":true}]}}