{"id":74,"date":"2019-10-05T16:18:05","date_gmt":"2019-10-05T14:18:05","guid":{"rendered":"http:\/\/localhost\/Aeronavale\/?page_id=74"},"modified":"2019-11-10T18:11:35","modified_gmt":"2019-11-10T17:11:35","slug":"piper-pa-31-navajo","status":"publish","type":"page","link":"https:\/\/aeronavalejc.com\/Aeronavale\/piper-pa-31-navajo\/","title":{"rendered":"Piper PA-31 Navajo"},"content":{"rendered":"\n<div style=\"height:31px\" aria-hidden=\"true\" class=\"wp-block-spacer\"><\/div>\n\n\n\n<h2 style=\"text-align:center;font-size:50px;color:#0693e3\" class=\"has-custom-size wp-block-heading\"><em>Le Navajo<\/em><\/h2>\n\n\n\n<div class=\"wp-block-coblocks-row coblocks-row-101017416320\" data-columns=\"3\" data-layout=\"33-33-33\"><div class=\"wp-block-coblocks-row__inner has-medium-gutter has-no-padding has-no-margin is-stacked-on-mobile\">\n<div class=\"wp-block-coblocks-column coblocks-column-101017927565\" style=\"width:33.33%\"><div class=\"wp-block-coblocks-column__inner has-no-padding has-no-margin\">\n<div class=\"wp-block-image\"><figure class=\"aligncenter\"><img decoding=\"async\" loading=\"lazy\" width=\"1024\" height=\"576\" src=\"http:\/\/localhost\/Aeronavale\/wp-content\/uploads\/2019\/11\/Escadrille-2S-2-2-1024x576.jpg\" alt=\"\" class=\"wp-image-663\" srcset=\"https:\/\/aeronavalejc.com\/Aeronavale\/wp-content\/uploads\/2019\/11\/Escadrille-2S-2-2-1024x576.jpg 1024w, https:\/\/aeronavalejc.com\/Aeronavale\/wp-content\/uploads\/2019\/11\/Escadrille-2S-2-2-300x169.jpg 300w, https:\/\/aeronavalejc.com\/Aeronavale\/wp-content\/uploads\/2019\/11\/Escadrille-2S-2-2-768x432.jpg 768w, https:\/\/aeronavalejc.com\/Aeronavale\/wp-content\/uploads\/2019\/11\/Escadrille-2S-2-2.jpg 1988w\" sizes=\"(max-width: 1024px) 100vw, 1024px\" \/><\/figure><\/div>\n\n\n\n<figure class=\"wp-block-image\"><img decoding=\"async\" loading=\"lazy\" width=\"1024\" height=\"714\" src=\"http:\/\/localhost\/Aeronavale\/wp-content\/uploads\/2019\/11\/Piper-Navajo-1-1024x714.jpg\" alt=\"\" class=\"wp-image-721\" srcset=\"https:\/\/aeronavalejc.com\/Aeronavale\/wp-content\/uploads\/2019\/11\/Piper-Navajo-1-1024x714.jpg 1024w, https:\/\/aeronavalejc.com\/Aeronavale\/wp-content\/uploads\/2019\/11\/Piper-Navajo-1-300x209.jpg 300w, https:\/\/aeronavalejc.com\/Aeronavale\/wp-content\/uploads\/2019\/11\/Piper-Navajo-1-768x536.jpg 768w\" sizes=\"(max-width: 1024px) 100vw, 1024px\" \/><figcaption>Ancienne 2S, sous la neige \u00e0 LBH<\/figcaption><\/figure>\n\n\n\n<figure class=\"wp-block-image\"><img decoding=\"async\" loading=\"lazy\" width=\"1024\" height=\"576\" src=\"http:\/\/localhost\/Aeronavale\/wp-content\/uploads\/2019\/11\/Piper-Navajo-3-1024x576.jpg\" alt=\"\" class=\"wp-image-723\" srcset=\"https:\/\/aeronavalejc.com\/Aeronavale\/wp-content\/uploads\/2019\/11\/Piper-Navajo-3-1024x576.jpg 1024w, https:\/\/aeronavalejc.com\/Aeronavale\/wp-content\/uploads\/2019\/11\/Piper-Navajo-3-300x169.jpg 300w, https:\/\/aeronavalejc.com\/Aeronavale\/wp-content\/uploads\/2019\/11\/Piper-Navajo-3-768x432.jpg 768w\" sizes=\"(max-width: 1024px) 100vw, 1024px\" \/><\/figure>\n<\/div><\/div>\n\n\n\n<div class=\"wp-block-coblocks-column coblocks-column-101017927597\" style=\"width:33.33%\"><div class=\"wp-block-coblocks-column__inner has-no-padding has-no-margin\">\n<div style=\"height:100px\" aria-hidden=\"true\" class=\"wp-block-spacer\"><\/div>\n\n\n\n<p style=\"text-align:center\" class=\"has-text-color has-medium-font-size has-vivid-cyan-blue-color\"><em>Le Navajo tr\u00e8s agr\u00e9able en bonne conditions m\u00e9t\u00e9o, mais beaucoup moins dans le mauvais temps.<\/em><\/p>\n\n\n\n<p style=\"text-align:center\" class=\"has-text-color has-medium-font-size has-vivid-cyan-blue-color\"><em>Passe tr\u00e8s bien la barrique !<\/em><\/p>\n\n\n\n<p style=\"text-align:center\" class=\"has-text-color has-medium-font-size has-vivid-cyan-blue-color\"><em>Le plein d&rsquo;essence en Gallons am\u00e9ricains, un casse-t\u00eate !<\/em><\/p>\n<\/div><\/div>\n\n\n\n<div class=\"wp-block-coblocks-column coblocks-column-101017927625\" style=\"width:33.33%\"><div class=\"wp-block-coblocks-column__inner has-no-padding has-no-margin\">\n<figure class=\"wp-block-image\"><img decoding=\"async\" loading=\"lazy\" width=\"1024\" height=\"679\" src=\"http:\/\/localhost\/Aeronavale\/wp-content\/uploads\/2019\/11\/111220044312611339-1024x679.jpg\" alt=\"\" class=\"wp-image-720\" srcset=\"https:\/\/aeronavalejc.com\/Aeronavale\/wp-content\/uploads\/2019\/11\/111220044312611339.jpg 1024w, https:\/\/aeronavalejc.com\/Aeronavale\/wp-content\/uploads\/2019\/11\/111220044312611339-300x199.jpg 300w, https:\/\/aeronavalejc.com\/Aeronavale\/wp-content\/uploads\/2019\/11\/111220044312611339-768x509.jpg 768w\" sizes=\"(max-width: 1024px) 100vw, 1024px\" \/><figcaption>Mus\u00e9e de Rochefort<\/figcaption><\/figure>\n\n\n\n<figure class=\"wp-block-image\"><img decoding=\"async\" loading=\"lazy\" width=\"1024\" height=\"576\" src=\"http:\/\/localhost\/Aeronavale\/wp-content\/uploads\/2019\/11\/Piper-Navajo-5-1024x576.jpg\" alt=\"\" class=\"wp-image-722\" srcset=\"https:\/\/aeronavalejc.com\/Aeronavale\/wp-content\/uploads\/2019\/11\/Piper-Navajo-5-1024x576.jpg 1024w, https:\/\/aeronavalejc.com\/Aeronavale\/wp-content\/uploads\/2019\/11\/Piper-Navajo-5-300x169.jpg 300w, https:\/\/aeronavalejc.com\/Aeronavale\/wp-content\/uploads\/2019\/11\/Piper-Navajo-5-768x432.jpg 768w\" sizes=\"(max-width: 1024px) 100vw, 1024px\" \/><figcaption>A\u00e9rodrome de Guadeloupe<\/figcaption><\/figure>\n\n\n\n<figure class=\"wp-block-image\"><img decoding=\"async\" loading=\"lazy\" width=\"1024\" height=\"576\" src=\"http:\/\/localhost\/Aeronavale\/wp-content\/uploads\/2019\/11\/Piper-Navajo-4-1024x576.jpg\" alt=\"\" class=\"wp-image-724\" srcset=\"https:\/\/aeronavalejc.com\/Aeronavale\/wp-content\/uploads\/2019\/11\/Piper-Navajo-4-1024x576.jpg 1024w, https:\/\/aeronavalejc.com\/Aeronavale\/wp-content\/uploads\/2019\/11\/Piper-Navajo-4-300x169.jpg 300w, https:\/\/aeronavalejc.com\/Aeronavale\/wp-content\/uploads\/2019\/11\/Piper-Navajo-4-768x432.jpg 768w\" sizes=\"(max-width: 1024px) 100vw, 1024px\" \/><\/figure>\n<\/div><\/div>\n<\/div><\/div>\n","protected":false},"excerpt":{"rendered":"<p>Le Navajo<\/p>\n","protected":false},"author":1,"featured_media":0,"parent":0,"menu_order":0,"comment_status":"closed","ping_status":"closed","template":"","meta":{"advgb_blocks_editor_width":"","advgb_blocks_columns_visual_guide":"","_coblocks_attr":"","_coblocks_dimensions":"","_coblocks_responsive_height":"","_coblocks_accordion_ie_support":"","ngg_post_thumbnail":0},"coauthors":[],"author_meta":{"author_link":"https:\/\/aeronavalejc.com\/Aeronavale\/author\/jca\/","display_name":"JCA"},"relative_dates":{"created":"Publi\u00e9 7 ans il y a","modified":"Mis \u00e0 jour 6 ans il y a"},"absolute_dates":{"created":"Publi\u00e9 le 5 octobre 2019","modified":"Mise \u00e0 jour le 10 novembre 2019"},"absolute_dates_time":{"created":"Publi\u00e9 le 5 octobre 2019 16 h 18 min","modified":"Mise \u00e0 jour le 10 novembre 2019 18 h 11 min"},"featured_img_caption":"","featured_img":false,"series_order":"","_links":{"self":[{"href":"https:\/\/aeronavalejc.com\/Aeronavale\/wp-json\/wp\/v2\/pages\/74"}],"collection":[{"href":"https:\/\/aeronavalejc.com\/Aeronavale\/wp-json\/wp\/v2\/pages"}],"about":[{"href":"https:\/\/aeronavalejc.com\/Aeronavale\/wp-json\/wp\/v2\/types\/page"}],"author":[{"embeddable":true,"href":"https:\/\/aeronavalejc.com\/Aeronavale\/wp-json\/wp\/v2\/users\/1"}],"replies":[{"embeddable":true,"href":"https:\/\/aeronavalejc.com\/Aeronavale\/wp-json\/wp\/v2\/comments?post=74"}],"version-history":[{"count":8,"href":"https:\/\/aeronavalejc.com\/Aeronavale\/wp-json\/wp\/v2\/pages\/74\/revisions"}],"predecessor-version":[{"id":731,"href":"https:\/\/aeronavalejc.com\/Aeronavale\/wp-json\/wp\/v2\/pages\/74\/revisions\/731"}],"wp:attachment":[{"href":"https:\/\/aeronavalejc.com\/Aeronavale\/wp-json\/wp\/v2\/media?parent=74"}],"curies":[{"name":"wp","href":"https:\/\/api.w.org\/{rel}","templated":true}]}}