{"id":63,"date":"2019-10-05T16:10:55","date_gmt":"2019-10-05T14:10:55","guid":{"rendered":"http:\/\/localhost\/Aeronavale\/?page_id=63"},"modified":"2019-11-22T17:06:42","modified_gmt":"2019-11-22T16:06:42","slug":"morane-paris-ms760","status":"publish","type":"page","link":"https:\/\/aeronavalejc.com\/Aeronavale\/morane-paris-ms760\/","title":{"rendered":"Morane Paris MS760"},"content":{"rendered":"\n<div class=\"wp-block-media-text alignwide\"><figure class=\"wp-block-media-text__media\"><img decoding=\"async\" loading=\"lazy\" width=\"600\" height=\"337\" src=\"http:\/\/localhost\/Aeronavale\/wp-content\/uploads\/2019\/11\/Morane_Paris.jpg\" alt=\"\" class=\"wp-image-711\" srcset=\"https:\/\/aeronavalejc.com\/Aeronavale\/wp-content\/uploads\/2019\/11\/Morane_Paris.jpg 600w, https:\/\/aeronavalejc.com\/Aeronavale\/wp-content\/uploads\/2019\/11\/Morane_Paris-300x169.jpg 300w\" sizes=\"(max-width: 600px) 100vw, 600px\" \/><\/figure><div class=\"wp-block-media-text__content\">\n<h2 class=\"has-text-color has-text-align-center has-custom-size wp-block-heading\" style=\"color:#0693e3;font-size:50px\"><em>Le Morane<\/em><\/h2>\n\n\n\n<div style=\"height:56px\" aria-hidden=\"true\" class=\"wp-block-spacer\"><\/div>\n\n\n\n<p class=\"has-text-color has-text-align-center has-medium-font-size has-vivid-cyan-blue-color\"><em>Par rapport au Falcon 10 le Morane Paris offre une super visibililit\u00e9 en vol !<\/em><\/p>\n\n\n\n<p class=\"has-text-color has-text-align-center has-medium-font-size has-vivid-cyan-blue-color\"><em>J&rsquo;ai fait des supers navigations basse altitude (vraiment basse !!)&nbsp; avec cet avion !<\/em><\/p>\n\n\n\n<p class=\"has-text-color has-text-align-center has-medium-font-size has-vivid-cyan-blue-color\"><em>Des combats m\u00e9morables avec des Etendards rencontr\u00e9s.&nbsp; ( C&rsquo;\u00e9tait le chasseur qui \u00e9tait avec moi,qui prenait les commandes dans ces moments ! Rien \u00e0 voir avec le pilotage d&rsquo;un lourd !!)<\/em><\/p>\n\n\n\n<p class=\"has-text-color has-text-align-center has-medium-font-size has-vivid-cyan-blue-color\"><em>Par contre, en conditions givrantes dans les nuages ; c&rsquo;\u00e9tait parfois tangent! N&rsquo;est-ce pas Mrs les m\u00e9canos ?<\/em><\/p>\n\n\n\n<div style=\"height:48px\" aria-hidden=\"true\" class=\"wp-block-spacer\"><\/div>\n\n\n\n<div class=\"wp-block-advgb-button aligncenter\"><a class=\"wp-block-advgb-button_link advgbbtn-e97d6a25-ac89-44ba-ab86-c70b79a0a52b\" href=\"https:\/\/aeronavalejc.com\/Aeronavale\/wp-admin\/images\/galerie_morane\/index.html\" target=\"_self\" rel=\"noopener noreferrer\"><em>Acc\u00e8s galerie<\/em><\/a><\/div>\n\n\n\n<div style=\"height:60px\" aria-hidden=\"true\" class=\"wp-block-spacer\"><\/div>\n<\/div><\/div>\n<style class=\"advgb-styles-renderer\">.advgbbtn-e97d6a25-ac89-44ba-ab86-c70b79a0a52b{font-size:10px;color:#313131 !important;background-color:#8ed1fc !important;margin:0px 0px 0px 0px !important;padding:10px 30px 10px 30px;border-width:1px !important;border-style:none;border-radius:50px !important;}.advgbbtn-e97d6a25-ac89-44ba-ab86-c70b79a0a52b:hover{background-color:#9b51e0 !important;box-shadow:1px 1px 12px 0px #ccc;opacity:1;transition:all 0.2s ease;}.advgbbtn-e97d6a25-ac89-44ba-ab86-c70b79a0a52b > i {display: none !important;}<\/style>","protected":false},"excerpt":{"rendered":"","protected":false},"author":1,"featured_media":0,"parent":0,"menu_order":0,"comment_status":"closed","ping_status":"closed","template":"","meta":{"advgb_blocks_editor_width":"","advgb_blocks_columns_visual_guide":"","_coblocks_attr":"","_coblocks_dimensions":"","_coblocks_responsive_height":"","_coblocks_accordion_ie_support":"","ngg_post_thumbnail":0},"coauthors":[],"author_meta":{"author_link":"https:\/\/aeronavalejc.com\/Aeronavale\/author\/jca\/","display_name":"JCA"},"relative_dates":{"created":"Publi\u00e9 7 ans il y a","modified":"Mis \u00e0 jour 6 ans il y a"},"absolute_dates":{"created":"Publi\u00e9 le 5 octobre 2019","modified":"Mise \u00e0 jour le 22 novembre 2019"},"absolute_dates_time":{"created":"Publi\u00e9 le 5 octobre 2019 16 h 10 min","modified":"Mise \u00e0 jour le 22 novembre 2019 17 h 06 min"},"featured_img_caption":"","featured_img":false,"series_order":"","_links":{"self":[{"href":"https:\/\/aeronavalejc.com\/Aeronavale\/wp-json\/wp\/v2\/pages\/63"}],"collection":[{"href":"https:\/\/aeronavalejc.com\/Aeronavale\/wp-json\/wp\/v2\/pages"}],"about":[{"href":"https:\/\/aeronavalejc.com\/Aeronavale\/wp-json\/wp\/v2\/types\/page"}],"author":[{"embeddable":true,"href":"https:\/\/aeronavalejc.com\/Aeronavale\/wp-json\/wp\/v2\/users\/1"}],"replies":[{"embeddable":true,"href":"https:\/\/aeronavalejc.com\/Aeronavale\/wp-json\/wp\/v2\/comments?post=63"}],"version-history":[{"count":9,"href":"https:\/\/aeronavalejc.com\/Aeronavale\/wp-json\/wp\/v2\/pages\/63\/revisions"}],"predecessor-version":[{"id":938,"href":"https:\/\/aeronavalejc.com\/Aeronavale\/wp-json\/wp\/v2\/pages\/63\/revisions\/938"}],"wp:attachment":[{"href":"https:\/\/aeronavalejc.com\/Aeronavale\/wp-json\/wp\/v2\/media?parent=63"}],"curies":[{"name":"wp","href":"https:\/\/api.w.org\/{rel}","templated":true}]}}