{"id":60,"date":"2019-10-05T16:10:20","date_gmt":"2019-10-05T14:10:20","guid":{"rendered":"http:\/\/localhost\/Aeronavale\/?page_id=60"},"modified":"2019-11-22T17:08:21","modified_gmt":"2019-11-22T16:08:21","slug":"nord-aviation-n262","status":"publish","type":"page","link":"https:\/\/aeronavalejc.com\/Aeronavale\/nord-aviation-n262\/","title":{"rendered":"Nord Aviation  N262"},"content":{"rendered":"\n<div class=\"wp-block-media-text alignwide\"><figure class=\"wp-block-media-text__media\"><img decoding=\"async\" loading=\"lazy\" width=\"600\" height=\"337\" src=\"http:\/\/localhost\/Aeronavale\/wp-content\/uploads\/2019\/11\/Nord_262.jpg\" alt=\"\" class=\"wp-image-705\" srcset=\"https:\/\/aeronavalejc.com\/Aeronavale\/wp-content\/uploads\/2019\/11\/Nord_262.jpg 600w, https:\/\/aeronavalejc.com\/Aeronavale\/wp-content\/uploads\/2019\/11\/Nord_262-300x169.jpg 300w\" sizes=\"(max-width: 600px) 100vw, 600px\" \/><\/figure><div class=\"wp-block-media-text__content\">\n<h2 class=\"has-text-color has-text-align-center has-custom-size wp-block-heading\" style=\"color:#0693e3;font-size:50px\"><em>Le Nord 262<\/em><\/h2>\n\n\n\n<div style=\"height:62px\" aria-hidden=\"true\" class=\"wp-block-spacer\"><\/div>\n\n\n\n<p class=\"has-text-color has-text-align-center has-medium-font-size has-vivid-cyan-blue-color\"><em>D\u00e9couverte du Nord 262 A en Corse \u00e0 la BAN Aspretto.<\/em><\/p>\n\n\n\n<p class=\"has-text-color has-text-align-center has-medium-font-size has-vivid-cyan-blue-color\"><em>Premier vol de formation instructeur avec le PM J. Lascombe<\/em><\/p>\n\n\n\n<p class=\"has-text-color has-text-align-center has-medium-font-size has-vivid-cyan-blue-color\"><em>4 ans plus tard et 1700 heures de vol de plus, j&rsquo;ai form\u00e9 (ou d\u00e9form\u00e9 !) une dizaine de pilotes.<\/em><\/p>\n\n\n\n<p class=\"has-text-color has-text-align-center has-medium-font-size has-vivid-cyan-blue-color\"><em>Le Nord 262 Marine a cess\u00e9 de voler dans l&rsquo;A\u00e9ronavale en f\u00e9vrier 2009.<\/em><\/p>\n\n\n\n<div style=\"height:36px\" aria-hidden=\"true\" class=\"wp-block-spacer\"><\/div>\n\n\n\n<div class=\"wp-block-advgb-button aligncenter\"><a class=\"wp-block-advgb-button_link advgbbtn-7b625f65-bbc8-4578-b1be-7d616ca339fc\" href=\"https:\/\/aeronavalejc.com\/Aeronavale\/wp-admin\/images\/galerie_nord262\/index.html\" target=\"_self\" rel=\"noopener noreferrer\">Acc\u00e8s galerie<\/a><\/div>\n\n\n\n<div style=\"height:54px\" aria-hidden=\"true\" class=\"wp-block-spacer\"><\/div>\n<\/div><\/div>\n<style class=\"advgb-styles-renderer\">.advgbbtn-7b625f65-bbc8-4578-b1be-7d616ca339fc{font-size:10px;color:#313131 !important;background-color:#8ed1fc !important;margin:0px 0px 0px 0px !important;padding:10px 30px 10px 30px;border-width:1px !important;border-style:none;border-radius:50px !important;}.advgbbtn-7b625f65-bbc8-4578-b1be-7d616ca339fc:hover{background-color:#9b51e0 !important;box-shadow:1px 1px 12px 0px #ccc;opacity:1;transition:all 0.2s ease;}.advgbbtn-7b625f65-bbc8-4578-b1be-7d616ca339fc > i {display: none !important;}<\/style>","protected":false},"excerpt":{"rendered":"","protected":false},"author":1,"featured_media":0,"parent":0,"menu_order":0,"comment_status":"closed","ping_status":"closed","template":"","meta":{"advgb_blocks_editor_width":"","advgb_blocks_columns_visual_guide":"","_coblocks_attr":"","_coblocks_dimensions":"","_coblocks_responsive_height":"","_coblocks_accordion_ie_support":"","ngg_post_thumbnail":0},"coauthors":[],"author_meta":{"author_link":"https:\/\/aeronavalejc.com\/Aeronavale\/author\/jca\/","display_name":"JCA"},"relative_dates":{"created":"Publi\u00e9 7 ans il y a","modified":"Mis \u00e0 jour 6 ans il y a"},"absolute_dates":{"created":"Publi\u00e9 le 5 octobre 2019","modified":"Mise \u00e0 jour le 22 novembre 2019"},"absolute_dates_time":{"created":"Publi\u00e9 le 5 octobre 2019 16 h 10 min","modified":"Mise \u00e0 jour le 22 novembre 2019 17 h 08 min"},"featured_img_caption":"","featured_img":false,"series_order":"","_links":{"self":[{"href":"https:\/\/aeronavalejc.com\/Aeronavale\/wp-json\/wp\/v2\/pages\/60"}],"collection":[{"href":"https:\/\/aeronavalejc.com\/Aeronavale\/wp-json\/wp\/v2\/pages"}],"about":[{"href":"https:\/\/aeronavalejc.com\/Aeronavale\/wp-json\/wp\/v2\/types\/page"}],"author":[{"embeddable":true,"href":"https:\/\/aeronavalejc.com\/Aeronavale\/wp-json\/wp\/v2\/users\/1"}],"replies":[{"embeddable":true,"href":"https:\/\/aeronavalejc.com\/Aeronavale\/wp-json\/wp\/v2\/comments?post=60"}],"version-history":[{"count":9,"href":"https:\/\/aeronavalejc.com\/Aeronavale\/wp-json\/wp\/v2\/pages\/60\/revisions"}],"predecessor-version":[{"id":939,"href":"https:\/\/aeronavalejc.com\/Aeronavale\/wp-json\/wp\/v2\/pages\/60\/revisions\/939"}],"wp:attachment":[{"href":"https:\/\/aeronavalejc.com\/Aeronavale\/wp-json\/wp\/v2\/media?parent=60"}],"curies":[{"name":"wp","href":"https:\/\/api.w.org\/{rel}","templated":true}]}}