{"id":54,"date":"2019-10-05T16:07:46","date_gmt":"2019-10-05T14:07:46","guid":{"rendered":"http:\/\/localhost\/Aeronavale\/?page_id=54"},"modified":"2020-11-19T12:01:11","modified_gmt":"2020-11-19T11:01:11","slug":"lockheed-p2v7-neptune","status":"publish","type":"page","link":"https:\/\/aeronavalejc.com\/Aeronavale\/lockheed-p2v7-neptune\/","title":{"rendered":"Lockheed P2V7 Neptune"},"content":{"rendered":"\n<div style=\"height:35px\" aria-hidden=\"true\" class=\"wp-block-spacer\"><\/div>\n\n\n\n<div class=\"wp-block-coblocks-media-card alignwide is-style-left is-stacked-on-mobile coblocks-media-card-101911478486\"><div class=\"wp-block-coblocks-media-card__inner has-no-padding\"><div class=\"wp-block-coblocks-media-card__wrapper\"><figure class=\"wp-block-coblocks-media-card__media\"><img decoding=\"async\" loading=\"lazy\" width=\"600\" height=\"337\" src=\"https:\/\/aeronavalejc.com\/Aeronavale\/wp-content\/uploads\/2019\/11\/P2V7.jpg\" alt=\"\" class=\"wp-image-519\" srcset=\"https:\/\/aeronavalejc.com\/Aeronavale\/wp-content\/uploads\/2019\/11\/P2V7.jpg 600w, https:\/\/aeronavalejc.com\/Aeronavale\/wp-content\/uploads\/2019\/11\/P2V7-300x169.jpg 300w\" sizes=\"(max-width: 600px) 100vw, 600px\" \/><\/figure><div class=\"wp-block-coblocks-media-card__content\">\n<div class=\"wp-block-coblocks-row coblocks-row-101911478631\" data-columns=\"1\" data-layout=\"100\"><div class=\"wp-block-coblocks-row__inner has-white-background-color has-background bg-cover has-background-image bg-no-repeat bg-center-center has-padding has-medium-padding has-no-margin is-stacked-on-mobile are-vertically-aligned-center has-medium-gutter\" style=\"background-image:url(https:\/\/aeronavalejc.com\/Aeronavale\/wp-content\/uploads\/2020\/11\/Lockheed_P2V7_Neptune-30.jpg)\">\n<div class=\"wp-block-coblocks-column is-vertically-aligned-center coblocks-column-101911478633\" style=\"width:100%\"><div class=\"wp-block-coblocks-column__inner has-no-padding has-no-margin\">\n<h3 class=\"has-text-align-center has-vivid-cyan-blue-color has-text-color has-large-font-size wp-block-heading\"><em>Le P2<\/em><\/h3>\n\n\n\n<p class=\"has-vivid-cyan-blue-color has-text-color has-background\" style=\"background-color:#d5dcdd\"><em>Piloter et (surtout) poser un Neptune \u00e0 23 ans, mon r\u00eave ! Une super Escadrille 12S avec le Cdt Vivanco et des pilotes comme l\u2019OE Caissial ou le LV Chailloux. Des missions aux A\u00e7ores avec le Centre d\u2019Essai des Landes et des super chasses sous-marines \u00e0 Santa Maria. La barre \u00e0 bras pour les cercles MAD \u00e0 300 pieds et les cotes de France \u00e0 basse altitude.<\/em><\/p>\n<\/div><\/div>\n<\/div><\/div>\n<\/div><\/div><\/div><\/div>\n\n\n\n<div style=\"height:32px\" aria-hidden=\"true\" class=\"wp-block-spacer\"><\/div>\n\n\n\n<div class=\"wp-block-buttons aligncenter is-layout-flex\">\n<div class=\"wp-block-button is-style-3d\"><a class=\"wp-block-button__link has-vivid-red-color has-very-light-gray-to-cyan-bluish-gray-gradient-background has-text-color has-background\" href=\"https:\/\/aeronavalejc.com\/Aeronavale\/wp-admin\/images\/galerie_neptune\/index.html\" target=\"_blank\" rel=\"noreferrer noopener\"><em>Galerie P2<\/em><\/a><\/div>\n<\/div>\n","protected":false},"excerpt":{"rendered":"","protected":false},"author":1,"featured_media":0,"parent":0,"menu_order":0,"comment_status":"closed","ping_status":"closed","template":"","meta":{"advgb_blocks_editor_width":"","advgb_blocks_columns_visual_guide":"","_coblocks_attr":"","_coblocks_dimensions":"{\"coblocks-row-101911478631\":{\"padding\":{\"paddingTop\":\"px\",\"paddingRight\":\"px\",\"paddingBottom\":\"px\",\"paddingLeft\":\"px\",\"paddingTopTablet\":null,\"paddingRightTablet\":null,\"paddingBottomTablet\":null,\"paddingLeftTablet\":null,\"paddingTopMobile\":null,\"paddingRightMobile\":null,\"paddingBottomMobile\":null,\"paddingLeftMobile\":null}}}","_coblocks_responsive_height":"","_coblocks_accordion_ie_support":"","ngg_post_thumbnail":0},"coauthors":[],"author_meta":{"author_link":"https:\/\/aeronavalejc.com\/Aeronavale\/author\/jca\/","display_name":"JCA"},"relative_dates":{"created":"Publi\u00e9 7 ans il y a","modified":"Mis \u00e0 jour 5 ans il y a"},"absolute_dates":{"created":"Publi\u00e9 le 5 octobre 2019","modified":"Mise \u00e0 jour le 19 novembre 2020"},"absolute_dates_time":{"created":"Publi\u00e9 le 5 octobre 2019 16 h 07 min","modified":"Mise \u00e0 jour le 19 novembre 2020 12 h 01 min"},"featured_img_caption":"","featured_img":false,"series_order":"","_links":{"self":[{"href":"https:\/\/aeronavalejc.com\/Aeronavale\/wp-json\/wp\/v2\/pages\/54"}],"collection":[{"href":"https:\/\/aeronavalejc.com\/Aeronavale\/wp-json\/wp\/v2\/pages"}],"about":[{"href":"https:\/\/aeronavalejc.com\/Aeronavale\/wp-json\/wp\/v2\/types\/page"}],"author":[{"embeddable":true,"href":"https:\/\/aeronavalejc.com\/Aeronavale\/wp-json\/wp\/v2\/users\/1"}],"replies":[{"embeddable":true,"href":"https:\/\/aeronavalejc.com\/Aeronavale\/wp-json\/wp\/v2\/comments?post=54"}],"version-history":[{"count":19,"href":"https:\/\/aeronavalejc.com\/Aeronavale\/wp-json\/wp\/v2\/pages\/54\/revisions"}],"predecessor-version":[{"id":1101,"href":"https:\/\/aeronavalejc.com\/Aeronavale\/wp-json\/wp\/v2\/pages\/54\/revisions\/1101"}],"wp:attachment":[{"href":"https:\/\/aeronavalejc.com\/Aeronavale\/wp-json\/wp\/v2\/media?parent=54"}],"curies":[{"name":"wp","href":"https:\/\/api.w.org\/{rel}","templated":true}]}}