{"id":45,"date":"2019-10-05T16:02:42","date_gmt":"2019-10-05T14:02:42","guid":{"rendered":"http:\/\/localhost\/Aeronavale\/?page_id=45"},"modified":"2019-11-22T17:18:24","modified_gmt":"2019-11-22T16:18:24","slug":"escadrille-2s-1985-1987","status":"publish","type":"page","link":"https:\/\/aeronavalejc.com\/Aeronavale\/escadrille-2s-1985-1987\/","title":{"rendered":"Escadrille 2S 1985-1987"},"content":{"rendered":"\n<div style=\"height:51px\" aria-hidden=\"true\" class=\"wp-block-spacer\"><\/div>\n\n\n\n<div class=\"wp-block-coblocks-row coblocks-row-109175134635\" data-columns=\"3\" data-layout=\"33-33-33\"><div class=\"wp-block-coblocks-row__inner has-medium-gutter has-no-padding has-no-margin is-stacked-on-mobile\">\n<div class=\"wp-block-coblocks-column coblocks-column-109175153126\" style=\"width:33.33%\"><div class=\"wp-block-coblocks-column__inner has-no-padding has-no-margin\">\n<div class=\"wp-block-image\"><figure class=\"alignright size-large\"><img decoding=\"async\" loading=\"lazy\" width=\"1024\" height=\"576\" src=\"http:\/\/localhost\/Aeronavale\/wp-content\/uploads\/2019\/11\/Escadrille-2S-1-3-1024x576.jpg\" alt=\"\" class=\"wp-image-664\" srcset=\"https:\/\/aeronavalejc.com\/Aeronavale\/wp-content\/uploads\/2019\/11\/Escadrille-2S-1-3-1024x576.jpg 1024w, https:\/\/aeronavalejc.com\/Aeronavale\/wp-content\/uploads\/2019\/11\/Escadrille-2S-1-3-300x169.jpg 300w, https:\/\/aeronavalejc.com\/Aeronavale\/wp-content\/uploads\/2019\/11\/Escadrille-2S-1-3-768x432.jpg 768w, https:\/\/aeronavalejc.com\/Aeronavale\/wp-content\/uploads\/2019\/11\/Escadrille-2S-1-3.jpg 1619w\" sizes=\"(max-width: 1024px) 100vw, 1024px\" \/><figcaption><em>Les avions de la 2S<\/em><\/figcaption><\/figure><\/div>\n\n\n\n<div class=\"wp-block-image\"><figure class=\"alignright size-large\"><img decoding=\"async\" loading=\"lazy\" width=\"1024\" height=\"576\" src=\"http:\/\/localhost\/Aeronavale\/wp-content\/uploads\/2019\/11\/Escadrille-2S-2-3-1024x576.jpg\" alt=\"\" class=\"wp-image-666\" srcset=\"https:\/\/aeronavalejc.com\/Aeronavale\/wp-content\/uploads\/2019\/11\/Escadrille-2S-2-3-1024x576.jpg 1024w, https:\/\/aeronavalejc.com\/Aeronavale\/wp-content\/uploads\/2019\/11\/Escadrille-2S-2-3-300x169.jpg 300w, https:\/\/aeronavalejc.com\/Aeronavale\/wp-content\/uploads\/2019\/11\/Escadrille-2S-2-3-768x432.jpg 768w, https:\/\/aeronavalejc.com\/Aeronavale\/wp-content\/uploads\/2019\/11\/Escadrille-2S-2-3.jpg 1988w\" sizes=\"(max-width: 1024px) 100vw, 1024px\" \/><figcaption><em>Navajo retour vers LBH<\/em><\/figcaption><\/figure><\/div>\n\n\n\n<div class=\"wp-block-image\"><figure class=\"alignright size-large\"><img decoding=\"async\" loading=\"lazy\" width=\"1024\" height=\"576\" src=\"http:\/\/localhost\/Aeronavale\/wp-content\/uploads\/2019\/11\/Escadrille-2S-4-2-1024x576.jpg\" alt=\"\" class=\"wp-image-859\" srcset=\"https:\/\/aeronavalejc.com\/Aeronavale\/wp-content\/uploads\/2019\/11\/Escadrille-2S-4-2-1024x576.jpg 1024w, https:\/\/aeronavalejc.com\/Aeronavale\/wp-content\/uploads\/2019\/11\/Escadrille-2S-4-2-300x169.jpg 300w, https:\/\/aeronavalejc.com\/Aeronavale\/wp-content\/uploads\/2019\/11\/Escadrille-2S-4-2-768x432.jpg 768w, https:\/\/aeronavalejc.com\/Aeronavale\/wp-content\/uploads\/2019\/11\/Escadrille-2S-4-2-1536x864.jpg 1536w, https:\/\/aeronavalejc.com\/Aeronavale\/wp-content\/uploads\/2019\/11\/Escadrille-2S-4-2-2048x1152.jpg 2048w\" sizes=\"(max-width: 1024px) 100vw, 1024px\" \/><figcaption><em>l&rsquo;Escadrille 2S au complet !<\/em><\/figcaption><\/figure><\/div>\n\n\n\n<div class=\"wp-block-image\"><figure class=\"alignright size-large\"><img decoding=\"async\" loading=\"lazy\" width=\"1024\" height=\"576\" src=\"http:\/\/localhost\/Aeronavale\/wp-content\/uploads\/2019\/11\/Escadrille-2S-6-2-1024x576.jpg\" alt=\"\" class=\"wp-image-669\" srcset=\"https:\/\/aeronavalejc.com\/Aeronavale\/wp-content\/uploads\/2019\/11\/Escadrille-2S-6-2-1024x576.jpg 1024w, https:\/\/aeronavalejc.com\/Aeronavale\/wp-content\/uploads\/2019\/11\/Escadrille-2S-6-2-300x169.jpg 300w, https:\/\/aeronavalejc.com\/Aeronavale\/wp-content\/uploads\/2019\/11\/Escadrille-2S-6-2-768x432.jpg 768w\" sizes=\"(max-width: 1024px) 100vw, 1024px\" \/><figcaption> <em>D\u00e9part du B17 du site de Kermadoye \u00e0 Lann-Bihou\u00e9<\/em> <\/figcaption><\/figure><\/div>\n\n\n\n<div class=\"wp-block-image\"><figure class=\"alignright size-large\"><img decoding=\"async\" loading=\"lazy\" width=\"1024\" height=\"576\" src=\"http:\/\/localhost\/Aeronavale\/wp-content\/uploads\/2019\/11\/galerie-divers-55-1024x576.jpg\" alt=\"\" class=\"wp-image-863\" srcset=\"https:\/\/aeronavalejc.com\/Aeronavale\/wp-content\/uploads\/2019\/11\/galerie-divers-55-1024x576.jpg 1024w, https:\/\/aeronavalejc.com\/Aeronavale\/wp-content\/uploads\/2019\/11\/galerie-divers-55-300x169.jpg 300w, https:\/\/aeronavalejc.com\/Aeronavale\/wp-content\/uploads\/2019\/11\/galerie-divers-55-768x432.jpg 768w, https:\/\/aeronavalejc.com\/Aeronavale\/wp-content\/uploads\/2019\/11\/galerie-divers-55-1536x864.jpg 1536w, https:\/\/aeronavalejc.com\/Aeronavale\/wp-content\/uploads\/2019\/11\/galerie-divers-55-2048x1153.jpg 2048w\" sizes=\"(max-width: 1024px) 100vw, 1024px\" \/><figcaption><em>262A en approche SAR<\/em><\/figcaption><\/figure><\/div>\n\n\n\n<div class=\"wp-block-image\"><figure class=\"alignright size-large\"><img decoding=\"async\" loading=\"lazy\" width=\"1024\" height=\"576\" src=\"http:\/\/localhost\/Aeronavale\/wp-content\/uploads\/2019\/11\/Escadrille-2S-7-2-1024x576.jpg\" alt=\"\" class=\"wp-image-671\" srcset=\"https:\/\/aeronavalejc.com\/Aeronavale\/wp-content\/uploads\/2019\/11\/Escadrille-2S-7-2-1024x576.jpg 1024w, https:\/\/aeronavalejc.com\/Aeronavale\/wp-content\/uploads\/2019\/11\/Escadrille-2S-7-2-300x169.jpg 300w, https:\/\/aeronavalejc.com\/Aeronavale\/wp-content\/uploads\/2019\/11\/Escadrille-2S-7-2-768x432.jpg 768w, https:\/\/aeronavalejc.com\/Aeronavale\/wp-content\/uploads\/2019\/11\/Escadrille-2S-7-2.jpg 1600w\" sizes=\"(max-width: 1024px) 100vw, 1024px\" \/><figcaption><em>Beechcraft \u00e0 la 2S<\/em><\/figcaption><\/figure><\/div>\n\n\n\n<div class=\"wp-block-image\"><figure class=\"alignright size-large\"><img decoding=\"async\" loading=\"lazy\" width=\"1024\" height=\"576\" src=\"http:\/\/localhost\/Aeronavale\/wp-content\/uploads\/2019\/11\/Escadrille-2S-13-2-1024x576.jpg\" alt=\"\" class=\"wp-image-674\" srcset=\"https:\/\/aeronavalejc.com\/Aeronavale\/wp-content\/uploads\/2019\/11\/Escadrille-2S-13-2-1024x576.jpg 1024w, https:\/\/aeronavalejc.com\/Aeronavale\/wp-content\/uploads\/2019\/11\/Escadrille-2S-13-2-300x169.jpg 300w, https:\/\/aeronavalejc.com\/Aeronavale\/wp-content\/uploads\/2019\/11\/Escadrille-2S-13-2-768x432.jpg 768w\" sizes=\"(max-width: 1024px) 100vw, 1024px\" \/><figcaption><em>Nord 262 \u00e0 LBH<\/em><\/figcaption><\/figure><\/div>\n\n\n\n<div class=\"wp-block-image\"><figure class=\"alignright size-large\"><a href=\"https:\/\/aeronavalejc.com\/Aeronavale\/trombinoscope-partie-1\/\"><img decoding=\"async\" loading=\"lazy\" width=\"723\" height=\"1024\" src=\"http:\/\/localhost\/Aeronavale\/wp-content\/uploads\/2019\/11\/Escadrille-2S-18-2-723x1024.jpg\" alt=\"\" class=\"wp-image-679\" srcset=\"https:\/\/aeronavalejc.com\/Aeronavale\/wp-content\/uploads\/2019\/11\/Escadrille-2S-18-2-723x1024.jpg 723w, https:\/\/aeronavalejc.com\/Aeronavale\/wp-content\/uploads\/2019\/11\/Escadrille-2S-18-2-212x300.jpg 212w, https:\/\/aeronavalejc.com\/Aeronavale\/wp-content\/uploads\/2019\/11\/Escadrille-2S-18-2-768x1087.jpg 768w\" sizes=\"(max-width: 723px) 100vw, 723px\" \/><\/a><figcaption><em>Cliquez pour la vue agrandie<\/em><\/figcaption><\/figure><\/div>\n<\/div><\/div>\n\n\n\n<div class=\"wp-block-coblocks-column coblocks-column-109175153143\" style=\"width:33.33%\"><div class=\"wp-block-coblocks-column__inner has-no-padding has-no-margin\">\n<p style=\"font-size:51px\" class=\"has-text-color has-text-align-center has-vivid-cyan-blue-color has-custom-size\"><em>La 2S<\/em><\/p>\n\n\n\n<p><\/p>\n\n\n\n<figure class=\"wp-block-image\"><img decoding=\"async\" loading=\"lazy\" width=\"400\" height=\"580\" src=\"http:\/\/localhost\/Aeronavale\/wp-content\/uploads\/2019\/11\/Escadrille-2S-11-1.jpg\" alt=\"\" class=\"wp-image-653\" srcset=\"https:\/\/aeronavalejc.com\/Aeronavale\/wp-content\/uploads\/2019\/11\/Escadrille-2S-11-1.jpg 400w, https:\/\/aeronavalejc.com\/Aeronavale\/wp-content\/uploads\/2019\/11\/Escadrille-2S-11-1-207x300.jpg 207w\" sizes=\"(max-width: 400px) 100vw, 400px\" \/><figcaption><em>Entrainement sur Xingu<\/em><\/figcaption><\/figure>\n\n\n\n<div class=\"wp-block-image\"><figure class=\"alignright size-large\"><img decoding=\"async\" loading=\"lazy\" width=\"1024\" height=\"576\" src=\"http:\/\/localhost\/Aeronavale\/wp-content\/uploads\/2019\/11\/Escadrille-2S-8-2-1024x576.jpg\" alt=\"\" class=\"wp-image-672\" srcset=\"https:\/\/aeronavalejc.com\/Aeronavale\/wp-content\/uploads\/2019\/11\/Escadrille-2S-8-2-1024x576.jpg 1024w, https:\/\/aeronavalejc.com\/Aeronavale\/wp-content\/uploads\/2019\/11\/Escadrille-2S-8-2-300x169.jpg 300w, https:\/\/aeronavalejc.com\/Aeronavale\/wp-content\/uploads\/2019\/11\/Escadrille-2S-8-2-768x432.jpg 768w\" sizes=\"(max-width: 1024px) 100vw, 1024px\" \/><figcaption><em>Largage de chaine SAR<\/em><\/figcaption><\/figure><\/div>\n\n\n\n<div class=\"wp-block-image\"><figure class=\"alignright size-large\"><img decoding=\"async\" loading=\"lazy\" width=\"932\" height=\"1024\" src=\"http:\/\/localhost\/Aeronavale\/wp-content\/uploads\/2019\/11\/Escadrille-2S-14-2-932x1024.jpg\" alt=\"\" class=\"wp-image-675\" srcset=\"https:\/\/aeronavalejc.com\/Aeronavale\/wp-content\/uploads\/2019\/11\/Escadrille-2S-14-2-932x1024.jpg 932w, https:\/\/aeronavalejc.com\/Aeronavale\/wp-content\/uploads\/2019\/11\/Escadrille-2S-14-2-273x300.jpg 273w, https:\/\/aeronavalejc.com\/Aeronavale\/wp-content\/uploads\/2019\/11\/Escadrille-2S-14-2-768x844.jpg 768w, https:\/\/aeronavalejc.com\/Aeronavale\/wp-content\/uploads\/2019\/11\/Escadrille-2S-14-2.jpg 1444w\" sizes=\"(max-width: 932px) 100vw, 932px\" \/><\/figure><\/div>\n\n\n\n<div class=\"wp-block-image\"><figure class=\"alignright size-large\"><img decoding=\"async\" loading=\"lazy\" width=\"1024\" height=\"714\" src=\"http:\/\/localhost\/Aeronavale\/wp-content\/uploads\/2019\/11\/Escadrille-2S-15-3-1024x714.jpg\" alt=\"\" class=\"wp-image-868\" srcset=\"https:\/\/aeronavalejc.com\/Aeronavale\/wp-content\/uploads\/2019\/11\/Escadrille-2S-15-3-1024x714.jpg 1024w, https:\/\/aeronavalejc.com\/Aeronavale\/wp-content\/uploads\/2019\/11\/Escadrille-2S-15-3-300x209.jpg 300w, https:\/\/aeronavalejc.com\/Aeronavale\/wp-content\/uploads\/2019\/11\/Escadrille-2S-15-3-768x536.jpg 768w, https:\/\/aeronavalejc.com\/Aeronavale\/wp-content\/uploads\/2019\/11\/Escadrille-2S-15-3-1536x1071.jpg 1536w, https:\/\/aeronavalejc.com\/Aeronavale\/wp-content\/uploads\/2019\/11\/Escadrille-2S-15-3-2048x1428.jpg 2048w\" sizes=\"(max-width: 1024px) 100vw, 1024px\" \/><figcaption><em>Navajo \u00e0 LBH<\/em><\/figcaption><\/figure><\/div>\n\n\n\n<div class=\"wp-block-image\"><figure class=\"alignright size-large\"><img decoding=\"async\" loading=\"lazy\" width=\"1024\" height=\"576\" src=\"http:\/\/localhost\/Aeronavale\/wp-content\/uploads\/2019\/11\/Escadrille-2S-16-3-1024x576.jpg\" alt=\"\" class=\"wp-image-887\" srcset=\"https:\/\/aeronavalejc.com\/Aeronavale\/wp-content\/uploads\/2019\/11\/Escadrille-2S-16-3-1024x576.jpg 1024w, https:\/\/aeronavalejc.com\/Aeronavale\/wp-content\/uploads\/2019\/11\/Escadrille-2S-16-3-300x169.jpg 300w, https:\/\/aeronavalejc.com\/Aeronavale\/wp-content\/uploads\/2019\/11\/Escadrille-2S-16-3-768x432.jpg 768w, https:\/\/aeronavalejc.com\/Aeronavale\/wp-content\/uploads\/2019\/11\/Escadrille-2S-16-3-1536x864.jpg 1536w, https:\/\/aeronavalejc.com\/Aeronavale\/wp-content\/uploads\/2019\/11\/Escadrille-2S-16-3.jpg 1570w\" sizes=\"(max-width: 1024px) 100vw, 1024px\" \/><figcaption> <em>N262 Air Inter \u00e0 LBH<\/em> <\/figcaption><\/figure><\/div>\n\n\n\n<div style=\"height:132px\" aria-hidden=\"true\" class=\"wp-block-spacer\"><\/div>\n\n\n\n<p class=\"has-text-align-center\"><em>Voici le Trombinoscope<\/em><\/p>\n\n\n\n<p class=\"has-text-align-center\"><em> des officiers de la BAN de Lann-Bihou\u00e9&nbsp; tel qu&rsquo;il apparaissait <\/em><\/p>\n\n\n\n<p class=\"has-text-align-center\"><em>au milieu de l&rsquo;ann\u00e9e 1987<br><\/em><\/p>\n\n\n\n<p class=\"has-text-align-center\"><em>dans toutes les coursives des formations.<\/em><\/p>\n\n\n\n<p class=\"has-text-align-center\"><em>Il n&rsquo;existe pas d&rsquo;\u00e9quivalent pour les Offmar et l&rsquo;\u00e9quipage<\/em><\/p>\n\n\n\n<p class=\"has-text-align-center\"><em>D\u00e9sol\u00e9 !<\/em><\/p>\n\n\n\n<p><\/p>\n<\/div><\/div>\n\n\n\n<div class=\"wp-block-coblocks-column coblocks-column-109175153160\" style=\"width:33.33%\"><div class=\"wp-block-coblocks-column__inner has-no-padding has-no-margin\">\n<div class=\"wp-block-image\"><figure class=\"alignright size-large\"><img decoding=\"async\" loading=\"lazy\" width=\"1024\" height=\"683\" src=\"http:\/\/localhost\/Aeronavale\/wp-content\/uploads\/2019\/11\/Escadrille-2S-9-2-1024x683.jpg\" alt=\"\" class=\"wp-image-665\" srcset=\"https:\/\/aeronavalejc.com\/Aeronavale\/wp-content\/uploads\/2019\/11\/Escadrille-2S-9-2-1024x683.jpg 1024w, https:\/\/aeronavalejc.com\/Aeronavale\/wp-content\/uploads\/2019\/11\/Escadrille-2S-9-2-300x200.jpg 300w, https:\/\/aeronavalejc.com\/Aeronavale\/wp-content\/uploads\/2019\/11\/Escadrille-2S-9-2-768x512.jpg 768w\" sizes=\"(max-width: 1024px) 100vw, 1024px\" \/><figcaption> <em>Miss Cl\u00e9ment, 1\u00e8re femme pilote A\u00e9ronavale. On reconnait:<\/em><br> <em>OT1 Muller, Cdt Ogier, LV Gourdon, EV Calvet, EV Hoefkens,&#8230;.<\/em> <\/figcaption><\/figure><\/div>\n\n\n\n<div class=\"wp-block-image\"><figure class=\"alignright size-large\"><img decoding=\"async\" loading=\"lazy\" width=\"1024\" height=\"668\" src=\"http:\/\/localhost\/Aeronavale\/wp-content\/uploads\/2019\/11\/Escadrille-2S-3-2-1024x668.jpg\" alt=\"\" class=\"wp-image-860\" srcset=\"https:\/\/aeronavalejc.com\/Aeronavale\/wp-content\/uploads\/2019\/11\/Escadrille-2S-3-2-1024x668.jpg 1024w, https:\/\/aeronavalejc.com\/Aeronavale\/wp-content\/uploads\/2019\/11\/Escadrille-2S-3-2-300x196.jpg 300w, https:\/\/aeronavalejc.com\/Aeronavale\/wp-content\/uploads\/2019\/11\/Escadrille-2S-3-2-768x501.jpg 768w, https:\/\/aeronavalejc.com\/Aeronavale\/wp-content\/uploads\/2019\/11\/Escadrille-2S-3-2-1536x1002.jpg 1536w, https:\/\/aeronavalejc.com\/Aeronavale\/wp-content\/uploads\/2019\/11\/Escadrille-2S-3-2.jpg 2034w\" sizes=\"(max-width: 1024px) 100vw, 1024px\" \/><figcaption> <em>Inspection A\u00e9ro 2 avec le CV Lemercier: au centre le MP Dan Simon, <br><\/em><br> <em>le PM Bernhart et derri\u00e8re moi: l&rsquo;EV2 Hoefkens<\/em> <\/figcaption><\/figure><\/div>\n\n\n\n<div class=\"wp-block-image\"><figure class=\"alignright size-large\"><img decoding=\"async\" loading=\"lazy\" width=\"1024\" height=\"576\" src=\"http:\/\/localhost\/Aeronavale\/wp-content\/uploads\/2019\/11\/Escadrille-2S-12-3-1024x576.jpg\" alt=\"\" class=\"wp-image-668\" srcset=\"https:\/\/aeronavalejc.com\/Aeronavale\/wp-content\/uploads\/2019\/11\/Escadrille-2S-12-3-1024x576.jpg 1024w, https:\/\/aeronavalejc.com\/Aeronavale\/wp-content\/uploads\/2019\/11\/Escadrille-2S-12-3-300x169.jpg 300w, https:\/\/aeronavalejc.com\/Aeronavale\/wp-content\/uploads\/2019\/11\/Escadrille-2S-12-3-768x432.jpg 768w, https:\/\/aeronavalejc.com\/Aeronavale\/wp-content\/uploads\/2019\/11\/Escadrille-2S-12-3.jpg 1600w\" sizes=\"(max-width: 1024px) 100vw, 1024px\" \/><figcaption> <em>Nord 262E \u00e0 Groix <\/em><\/figcaption><\/figure><\/div>\n\n\n\n<div class=\"wp-block-image\"><figure class=\"alignright size-large\"><img decoding=\"async\" loading=\"lazy\" width=\"1024\" height=\"576\" src=\"http:\/\/localhost\/Aeronavale\/wp-content\/uploads\/2019\/11\/Escadrille-2S-5-2-1024x576.jpg\" alt=\"\" class=\"wp-image-670\" srcset=\"https:\/\/aeronavalejc.com\/Aeronavale\/wp-content\/uploads\/2019\/11\/Escadrille-2S-5-2-1024x576.jpg 1024w, https:\/\/aeronavalejc.com\/Aeronavale\/wp-content\/uploads\/2019\/11\/Escadrille-2S-5-2-300x169.jpg 300w, https:\/\/aeronavalejc.com\/Aeronavale\/wp-content\/uploads\/2019\/11\/Escadrille-2S-5-2-768x432.jpg 768w, https:\/\/aeronavalejc.com\/Aeronavale\/wp-content\/uploads\/2019\/11\/Escadrille-2S-5-2.jpg 1600w\" sizes=\"(max-width: 1024px) 100vw, 1024px\" \/><figcaption> <em>Une Beechette en expo devant la 2S<\/em> <\/figcaption><\/figure><\/div>\n\n\n\n<div class=\"wp-block-image\"><figure class=\"alignright size-large\"><img decoding=\"async\" loading=\"lazy\" width=\"1024\" height=\"576\" src=\"http:\/\/localhost\/Aeronavale\/wp-content\/uploads\/2019\/11\/Escadrille-2S-10-2-1024x576.jpg\" alt=\"\" class=\"wp-image-673\" srcset=\"https:\/\/aeronavalejc.com\/Aeronavale\/wp-content\/uploads\/2019\/11\/Escadrille-2S-10-2-1024x576.jpg 1024w, https:\/\/aeronavalejc.com\/Aeronavale\/wp-content\/uploads\/2019\/11\/Escadrille-2S-10-2-300x169.jpg 300w, https:\/\/aeronavalejc.com\/Aeronavale\/wp-content\/uploads\/2019\/11\/Escadrille-2S-10-2-768x432.jpg 768w, https:\/\/aeronavalejc.com\/Aeronavale\/wp-content\/uploads\/2019\/11\/Escadrille-2S-10-2.jpg 1600w\" sizes=\"(max-width: 1024px) 100vw, 1024px\" \/><figcaption><em>Nord 262 A <\/em><\/figcaption><\/figure><\/div>\n\n\n\n<div class=\"wp-block-image\"><figure class=\"alignright size-large\"><img decoding=\"async\" loading=\"lazy\" width=\"1024\" height=\"576\" src=\"http:\/\/localhost\/Aeronavale\/wp-content\/uploads\/2019\/11\/Escadrille-2S-17-4-1024x576.jpg\" alt=\"\" class=\"wp-image-870\" srcset=\"https:\/\/aeronavalejc.com\/Aeronavale\/wp-content\/uploads\/2019\/11\/Escadrille-2S-17-4-1024x576.jpg 1024w, https:\/\/aeronavalejc.com\/Aeronavale\/wp-content\/uploads\/2019\/11\/Escadrille-2S-17-4-300x169.jpg 300w, https:\/\/aeronavalejc.com\/Aeronavale\/wp-content\/uploads\/2019\/11\/Escadrille-2S-17-4-768x432.jpg 768w, https:\/\/aeronavalejc.com\/Aeronavale\/wp-content\/uploads\/2019\/11\/Escadrille-2S-17-4-1536x864.jpg 1536w, https:\/\/aeronavalejc.com\/Aeronavale\/wp-content\/uploads\/2019\/11\/Escadrille-2S-17-4.jpg 1600w\" sizes=\"(max-width: 1024px) 100vw, 1024px\" \/><figcaption><em>Le Nord 262 N\u00b01<\/em><\/figcaption><\/figure><\/div>\n\n\n\n<div style=\"height:44px\" aria-hidden=\"true\" class=\"wp-block-spacer\"><\/div>\n\n\n\n<div class=\"wp-block-image\"><figure class=\"alignright size-large\"><a href=\"https:\/\/aeronavalejc.com\/Aeronavale\/trombinoscope-partie-2\/\"><img decoding=\"async\" loading=\"lazy\" width=\"711\" height=\"1024\" src=\"http:\/\/localhost\/Aeronavale\/wp-content\/uploads\/2019\/11\/Escadrille-2S-19-2-711x1024.jpg\" alt=\"\" class=\"wp-image-680\" srcset=\"https:\/\/aeronavalejc.com\/Aeronavale\/wp-content\/uploads\/2019\/11\/Escadrille-2S-19-2-711x1024.jpg 711w, https:\/\/aeronavalejc.com\/Aeronavale\/wp-content\/uploads\/2019\/11\/Escadrille-2S-19-2-208x300.jpg 208w, https:\/\/aeronavalejc.com\/Aeronavale\/wp-content\/uploads\/2019\/11\/Escadrille-2S-19-2-768x1107.jpg 768w\" sizes=\"(max-width: 711px) 100vw, 711px\" \/><\/a><figcaption><em>Cliquez pour la vue agrandie<\/em><\/figcaption><\/figure><\/div>\n\n\n\n<div style=\"height:99px\" aria-hidden=\"true\" class=\"wp-block-spacer\"><\/div>\n<\/div><\/div>\n<\/div><\/div>\n","protected":false},"excerpt":{"rendered":"","protected":false},"author":1,"featured_media":0,"parent":0,"menu_order":0,"comment_status":"closed","ping_status":"closed","template":"","meta":{"advgb_blocks_editor_width":"","advgb_blocks_columns_visual_guide":"","_coblocks_attr":"","_coblocks_dimensions":"","_coblocks_responsive_height":"","_coblocks_accordion_ie_support":"","ngg_post_thumbnail":0},"coauthors":[],"author_meta":{"author_link":"https:\/\/aeronavalejc.com\/Aeronavale\/author\/jca\/","display_name":"JCA"},"relative_dates":{"created":"Publi\u00e9 7 ans il y a","modified":"Mis \u00e0 jour 6 ans il y a"},"absolute_dates":{"created":"Publi\u00e9 le 5 octobre 2019","modified":"Mise \u00e0 jour le 22 novembre 2019"},"absolute_dates_time":{"created":"Publi\u00e9 le 5 octobre 2019 16 h 02 min","modified":"Mise \u00e0 jour le 22 novembre 2019 17 h 18 min"},"featured_img_caption":"","featured_img":false,"series_order":"","_links":{"self":[{"href":"https:\/\/aeronavalejc.com\/Aeronavale\/wp-json\/wp\/v2\/pages\/45"}],"collection":[{"href":"https:\/\/aeronavalejc.com\/Aeronavale\/wp-json\/wp\/v2\/pages"}],"about":[{"href":"https:\/\/aeronavalejc.com\/Aeronavale\/wp-json\/wp\/v2\/types\/page"}],"author":[{"embeddable":true,"href":"https:\/\/aeronavalejc.com\/Aeronavale\/wp-json\/wp\/v2\/users\/1"}],"replies":[{"embeddable":true,"href":"https:\/\/aeronavalejc.com\/Aeronavale\/wp-json\/wp\/v2\/comments?post=45"}],"version-history":[{"count":35,"href":"https:\/\/aeronavalejc.com\/Aeronavale\/wp-json\/wp\/v2\/pages\/45\/revisions"}],"predecessor-version":[{"id":941,"href":"https:\/\/aeronavalejc.com\/Aeronavale\/wp-json\/wp\/v2\/pages\/45\/revisions\/941"}],"wp:attachment":[{"href":"https:\/\/aeronavalejc.com\/Aeronavale\/wp-json\/wp\/v2\/media?parent=45"}],"curies":[{"name":"wp","href":"https:\/\/api.w.org\/{rel}","templated":true}]}}