{"id":39,"date":"2019-10-05T15:59:59","date_gmt":"2019-10-05T13:59:59","guid":{"rendered":"http:\/\/localhost\/Aeronavale\/?page_id=39"},"modified":"2019-11-22T16:52:27","modified_gmt":"2019-11-22T15:52:27","slug":"escadrille-55s-1976-1980","status":"publish","type":"page","link":"https:\/\/aeronavalejc.com\/Aeronavale\/escadrille-55s-1976-1980\/","title":{"rendered":"Escadrille 55S 1976-1980"},"content":{"rendered":"\n<div class=\"wp-block-media-text alignwide\"><figure class=\"wp-block-media-text__media\"><img decoding=\"async\" loading=\"lazy\" width=\"799\" height=\"541\" src=\"http:\/\/localhost\/Aeronavale\/wp-content\/uploads\/2019\/10\/intro55S.jpg\" alt=\"\" class=\"wp-image-423\" srcset=\"https:\/\/aeronavalejc.com\/Aeronavale\/wp-content\/uploads\/2019\/10\/intro55S.jpg 799w, https:\/\/aeronavalejc.com\/Aeronavale\/wp-content\/uploads\/2019\/10\/intro55S-300x203.jpg 300w, https:\/\/aeronavalejc.com\/Aeronavale\/wp-content\/uploads\/2019\/10\/intro55S-768x520.jpg 768w\" sizes=\"(max-width: 799px) 100vw, 799px\" \/><\/figure><div class=\"wp-block-media-text__content\">\n<h2 class=\"has-text-color has-text-align-center has-custom-size wp-block-heading\" style=\"color:#0693e3;font-size:50px\"><em>La 55S<\/em><\/h2>\n\n\n\n<p class=\"has-text-color has-text-align-center has-medium-font-size has-vivid-cyan-blue-color\"><em>6 ans apr\u00e8s mon cours de pilote et 3000 h de vol, je retourne \u00e0 Ajaccio comme moniteur !<\/em><\/p>\n\n\n\n<p class=\"has-text-color has-text-align-center has-medium-font-size has-vivid-cyan-blue-color\"><em>La Corse est superbe vue d\u2019en haut et d\u2019en dessous en chasse sous-marine et en plong\u00e9e bouteilles !!<\/em><\/p>\n\n\n\n<p class=\"has-text-color has-text-align-center has-medium-font-size has-vivid-cyan-blue-color\"><em>Les temp\u00eates sont dangereuses et couteront la vie \u00e0 mon ami le PM Lascombe\u2026<\/em><\/p>\n\n\n\n<p class=\"has-text-color has-text-align-center has-medium-font-size has-vivid-cyan-blue-color\"><em>Des  heures de formation  sur Nord 262 au vol aux instruments et VFR; des voyages IFR partout en  Europe et la fiert\u00e9 d\u2019avoir form\u00e9 de nombreux pilotes de Patmar<\/em>:<\/p>\n\n\n\n<p class=\"has-text-color has-text-align-center has-medium-font-size has-vivid-cyan-blue-color\"><em>Berlin, Rome, Saint Mawgan,Ath\u00e8nes, Palerme,Francfort,Casablanca\u2026.<\/em><\/p>\n\n\n\n<p class=\"has-text-color has-text-align-center has-medium-font-size has-vivid-cyan-blue-color\"><em>Et des dizaines d\u2019\u00e9vacuations sanitaires \u00e0 toutes heures du jour et de la nuit vers le continent\u2026!!<\/em><\/p>\n\n\n\n<div style=\"height:38px\" aria-hidden=\"true\" class=\"wp-block-spacer\"><\/div>\n\n\n\n<div class=\"wp-block-advgb-button aligncenter\"><a class=\"wp-block-advgb-button_link advgbbtn-2ff7fe2a-6f46-47fb-bc32-fbceb052efee\" href=\"https:\/\/aeronavalejc.com\/Aeronavale\/wp-admin\/images\/55S_galerie\/index.html\" target=\"_self\" rel=\"noopener noreferrer\">Acc\u00e8s galerie<\/a><\/div>\n\n\n\n<div style=\"height:50px\" aria-hidden=\"true\" class=\"wp-block-spacer\"><\/div>\n<\/div><\/div>\n<style class=\"advgb-styles-renderer\">.advgbbtn-2ff7fe2a-6f46-47fb-bc32-fbceb052efee{font-size:10px;color:#313131 !important;background-color:#8ed1fc !important;margin:0px 0px 0px 0px !important;padding:10px 30px 10px 30px;border-width:1px !important;border-style:none;border-radius:50px !important;}.advgbbtn-2ff7fe2a-6f46-47fb-bc32-fbceb052efee:hover{background-color:#9b51e0 !important;box-shadow:1px 1px 12px 0px #ccc;opacity:1;transition:all 0.2s ease;}.advgbbtn-2ff7fe2a-6f46-47fb-bc32-fbceb052efee > i {display: none !important;}<\/style>","protected":false},"excerpt":{"rendered":"","protected":false},"author":1,"featured_media":0,"parent":0,"menu_order":0,"comment_status":"closed","ping_status":"closed","template":"","meta":{"advgb_blocks_editor_width":"","advgb_blocks_columns_visual_guide":"","_coblocks_attr":"","_coblocks_dimensions":"","_coblocks_responsive_height":"","_coblocks_accordion_ie_support":"","ngg_post_thumbnail":0},"coauthors":[],"author_meta":{"author_link":"https:\/\/aeronavalejc.com\/Aeronavale\/author\/jca\/","display_name":"JCA"},"relative_dates":{"created":"Publi\u00e9 7 ans il y a","modified":"Mis \u00e0 jour 6 ans il y a"},"absolute_dates":{"created":"Publi\u00e9 le 5 octobre 2019","modified":"Mise \u00e0 jour le 22 novembre 2019"},"absolute_dates_time":{"created":"Publi\u00e9 le 5 octobre 2019 15 h 59 min","modified":"Mise \u00e0 jour le 22 novembre 2019 16 h 52 min"},"featured_img_caption":"","featured_img":false,"series_order":"","_links":{"self":[{"href":"https:\/\/aeronavalejc.com\/Aeronavale\/wp-json\/wp\/v2\/pages\/39"}],"collection":[{"href":"https:\/\/aeronavalejc.com\/Aeronavale\/wp-json\/wp\/v2\/pages"}],"about":[{"href":"https:\/\/aeronavalejc.com\/Aeronavale\/wp-json\/wp\/v2\/types\/page"}],"author":[{"embeddable":true,"href":"https:\/\/aeronavalejc.com\/Aeronavale\/wp-json\/wp\/v2\/users\/1"}],"replies":[{"embeddable":true,"href":"https:\/\/aeronavalejc.com\/Aeronavale\/wp-json\/wp\/v2\/comments?post=39"}],"version-history":[{"count":47,"href":"https:\/\/aeronavalejc.com\/Aeronavale\/wp-json\/wp\/v2\/pages\/39\/revisions"}],"predecessor-version":[{"id":928,"href":"https:\/\/aeronavalejc.com\/Aeronavale\/wp-json\/wp\/v2\/pages\/39\/revisions\/928"}],"wp:attachment":[{"href":"https:\/\/aeronavalejc.com\/Aeronavale\/wp-json\/wp\/v2\/media?parent=39"}],"curies":[{"name":"wp","href":"https:\/\/api.w.org\/{rel}","templated":true}]}}