{"id":25,"date":"2019-10-05T15:54:33","date_gmt":"2019-10-05T13:54:33","guid":{"rendered":"http:\/\/localhost\/Aeronavale\/?page_id=25"},"modified":"2020-10-21T18:18:43","modified_gmt":"2020-10-21T16:18:43","slug":"ba-709-cognac-1967-1968","status":"publish","type":"page","link":"https:\/\/aeronavalejc.com\/Aeronavale\/ba-709-cognac-1967-1968\/","title":{"rendered":"BA-709 Cognac 1968-1969"},"content":{"rendered":"\n<div style=\"height:58px\" aria-hidden=\"true\" class=\"wp-block-spacer\"><\/div>\n\n\n<h4 style=\"text-align: center;\"><span style=\"color: #0000ff;\"><em data-rich-text-format-boundary=\"true\">A l&rsquo;issue d&rsquo;une formation militaire de 6 mois \u00e0 Saint Rapha\u00ebl, la promotion Marine 68E arrive dans la premi\u00e8re \u00e9cole ab initio d&rsquo;a\u00e9ronautique de l&rsquo;Arm\u00e9e de l&rsquo;Air \u00e0 Cognac. <\/em><\/span><\/h4>\n<h4 style=\"text-align: center;\"><span style=\"color: #0000ff;\"><em data-rich-text-format-boundary=\"true\">Nous d\u00e9couvrons nos futurs avions: ceux de la Patrouille de France \u00e0 cette \u00e9poque: Le Fouga CM 170 Magister.<\/em><\/span><\/h4>\n\n\n<p><\/p>\n\n\n\n<div style=\"height:20px\" aria-hidden=\"true\" class=\"wp-block-spacer\"><\/div>\n\n\n\n<figure class=\"wp-block-gallery columns-5  aligncenter mb-0 mt-0 wp-block-gallery-1 is-layout-flex\"><ul class=\"blocks-gallery-grid\"><li class=\"blocks-gallery-item\"><figure><img decoding=\"async\" loading=\"lazy\" width=\"1800\" height=\"1012\" src=\"https:\/\/aeronavalejc.com\/Aeronavale\/wp-content\/uploads\/2019\/10\/Cognac-BA-709-01.jpg\" alt=\"\" data-id=\"259\" data-link=\"http:\/\/localhost\/Aeronavale\/cognac-ba-709-01\/\" class=\"wp-image-259\" srcset=\"https:\/\/aeronavalejc.com\/Aeronavale\/wp-content\/uploads\/2019\/10\/Cognac-BA-709-01.jpg 1800w, https:\/\/aeronavalejc.com\/Aeronavale\/wp-content\/uploads\/2019\/10\/Cognac-BA-709-01-300x169.jpg 300w, https:\/\/aeronavalejc.com\/Aeronavale\/wp-content\/uploads\/2019\/10\/Cognac-BA-709-01-768x432.jpg 768w, https:\/\/aeronavalejc.com\/Aeronavale\/wp-content\/uploads\/2019\/10\/Cognac-BA-709-01-1024x576.jpg 1024w\" sizes=\"(max-width: 1800px) 100vw, 1800px\" \/><\/figure><\/li><li class=\"blocks-gallery-item\"><figure><img decoding=\"async\" loading=\"lazy\" width=\"1800\" height=\"1012\" src=\"https:\/\/aeronavalejc.com\/Aeronavale\/wp-content\/uploads\/2019\/10\/Cognac-BA-709-02.jpg\" alt=\"\" data-id=\"260\" data-link=\"http:\/\/localhost\/Aeronavale\/cognac-ba-709-02\/\" class=\"wp-image-260\" srcset=\"https:\/\/aeronavalejc.com\/Aeronavale\/wp-content\/uploads\/2019\/10\/Cognac-BA-709-02.jpg 1800w, https:\/\/aeronavalejc.com\/Aeronavale\/wp-content\/uploads\/2019\/10\/Cognac-BA-709-02-300x169.jpg 300w, https:\/\/aeronavalejc.com\/Aeronavale\/wp-content\/uploads\/2019\/10\/Cognac-BA-709-02-768x432.jpg 768w, https:\/\/aeronavalejc.com\/Aeronavale\/wp-content\/uploads\/2019\/10\/Cognac-BA-709-02-1024x576.jpg 1024w\" sizes=\"(max-width: 1800px) 100vw, 1800px\" \/><figcaption class=\"blocks-gallery-item__caption\"> <em>Arriv\u00e9e sur la base en Nord 2504, mai 68.<\/em> <\/figcaption><\/figure><\/li><li class=\"blocks-gallery-item\"><figure><img decoding=\"async\" loading=\"lazy\" width=\"1799\" height=\"1012\" src=\"https:\/\/aeronavalejc.com\/Aeronavale\/wp-content\/uploads\/2019\/10\/Cognac-BA-709-03.jpg\" alt=\"\" data-id=\"261\" data-link=\"http:\/\/localhost\/Aeronavale\/cognac-ba-709-03\/\" class=\"wp-image-261\" srcset=\"https:\/\/aeronavalejc.com\/Aeronavale\/wp-content\/uploads\/2019\/10\/Cognac-BA-709-03.jpg 1799w, https:\/\/aeronavalejc.com\/Aeronavale\/wp-content\/uploads\/2019\/10\/Cognac-BA-709-03-300x169.jpg 300w, https:\/\/aeronavalejc.com\/Aeronavale\/wp-content\/uploads\/2019\/10\/Cognac-BA-709-03-768x432.jpg 768w, https:\/\/aeronavalejc.com\/Aeronavale\/wp-content\/uploads\/2019\/10\/Cognac-BA-709-03-1024x576.jpg 1024w\" sizes=\"(max-width: 1799px) 100vw, 1799px\" \/><figcaption class=\"blocks-gallery-item__caption\"> <em>Le parking plein de Fouga !!<br><\/em> <\/figcaption><\/figure><\/li><li class=\"blocks-gallery-item\"><figure><img decoding=\"async\" loading=\"lazy\" width=\"1547\" height=\"870\" src=\"https:\/\/aeronavalejc.com\/Aeronavale\/wp-content\/uploads\/2019\/10\/Cognac-BA-709-05.jpg\" alt=\"\" data-id=\"263\" data-link=\"http:\/\/localhost\/Aeronavale\/cognac-ba-709-05\/\" class=\"wp-image-263\" srcset=\"https:\/\/aeronavalejc.com\/Aeronavale\/wp-content\/uploads\/2019\/10\/Cognac-BA-709-05.jpg 1547w, https:\/\/aeronavalejc.com\/Aeronavale\/wp-content\/uploads\/2019\/10\/Cognac-BA-709-05-300x169.jpg 300w, https:\/\/aeronavalejc.com\/Aeronavale\/wp-content\/uploads\/2019\/10\/Cognac-BA-709-05-768x432.jpg 768w, https:\/\/aeronavalejc.com\/Aeronavale\/wp-content\/uploads\/2019\/10\/Cognac-BA-709-05-1024x576.jpg 1024w\" sizes=\"(max-width: 1547px) 100vw, 1547px\" \/><figcaption class=\"blocks-gallery-item__caption\"><em>Les chambr\u00e9es !<\/em><\/figcaption><\/figure><\/li><li class=\"blocks-gallery-item\"><figure><img decoding=\"async\" loading=\"lazy\" width=\"1625\" height=\"914\" src=\"https:\/\/aeronavalejc.com\/Aeronavale\/wp-content\/uploads\/2019\/10\/Cognac-BA-709-07.jpg\" alt=\"\" data-id=\"265\" data-link=\"http:\/\/localhost\/Aeronavale\/cognac-ba-709-07\/\" class=\"wp-image-265\" srcset=\"https:\/\/aeronavalejc.com\/Aeronavale\/wp-content\/uploads\/2019\/10\/Cognac-BA-709-07.jpg 1625w, https:\/\/aeronavalejc.com\/Aeronavale\/wp-content\/uploads\/2019\/10\/Cognac-BA-709-07-300x169.jpg 300w, https:\/\/aeronavalejc.com\/Aeronavale\/wp-content\/uploads\/2019\/10\/Cognac-BA-709-07-768x432.jpg 768w, https:\/\/aeronavalejc.com\/Aeronavale\/wp-content\/uploads\/2019\/10\/Cognac-BA-709-07-1024x576.jpg 1024w\" sizes=\"(max-width: 1625px) 100vw, 1625px\" \/><figcaption class=\"blocks-gallery-item__caption\"> <em>Houille, Cerisier et moi<\/em> <\/figcaption><\/figure><\/li><li class=\"blocks-gallery-item\"><figure><img decoding=\"async\" loading=\"lazy\" width=\"1800\" height=\"1012\" src=\"https:\/\/aeronavalejc.com\/Aeronavale\/wp-content\/uploads\/2019\/10\/Cognac-BA-709-04.jpg\" alt=\"\" data-id=\"262\" data-link=\"http:\/\/localhost\/Aeronavale\/cognac-ba-709-04\/\" class=\"wp-image-262\" srcset=\"https:\/\/aeronavalejc.com\/Aeronavale\/wp-content\/uploads\/2019\/10\/Cognac-BA-709-04.jpg 1800w, https:\/\/aeronavalejc.com\/Aeronavale\/wp-content\/uploads\/2019\/10\/Cognac-BA-709-04-300x169.jpg 300w, https:\/\/aeronavalejc.com\/Aeronavale\/wp-content\/uploads\/2019\/10\/Cognac-BA-709-04-768x432.jpg 768w, https:\/\/aeronavalejc.com\/Aeronavale\/wp-content\/uploads\/2019\/10\/Cognac-BA-709-04-1024x576.jpg 1024w\" sizes=\"(max-width: 1800px) 100vw, 1800px\" \/><\/figure><\/li><li class=\"blocks-gallery-item\"><figure><img decoding=\"async\" loading=\"lazy\" width=\"1127\" height=\"1437\" src=\"https:\/\/aeronavalejc.com\/Aeronavale\/wp-content\/uploads\/2019\/10\/Cognac-BA-709-06.jpg\" alt=\"\" data-id=\"264\" data-link=\"http:\/\/localhost\/Aeronavale\/cognac-ba-709-06\/\" class=\"wp-image-264\" srcset=\"https:\/\/aeronavalejc.com\/Aeronavale\/wp-content\/uploads\/2019\/10\/Cognac-BA-709-06.jpg 1127w, https:\/\/aeronavalejc.com\/Aeronavale\/wp-content\/uploads\/2019\/10\/Cognac-BA-709-06-235x300.jpg 235w, https:\/\/aeronavalejc.com\/Aeronavale\/wp-content\/uploads\/2019\/10\/Cognac-BA-709-06-768x979.jpg 768w, https:\/\/aeronavalejc.com\/Aeronavale\/wp-content\/uploads\/2019\/10\/Cognac-BA-709-06-803x1024.jpg 803w\" sizes=\"(max-width: 1127px) 100vw, 1127px\" \/><figcaption class=\"blocks-gallery-item__caption\"> <em>Changement d&rsquo;Arme avec Christian !<\/em> <\/figcaption><\/figure><\/li><li class=\"blocks-gallery-item\"><figure><img decoding=\"async\" loading=\"lazy\" width=\"1772\" height=\"997\" src=\"https:\/\/aeronavalejc.com\/Aeronavale\/wp-content\/uploads\/2019\/10\/Cognac-BA-709-09.jpg\" alt=\"\" data-id=\"267\" data-link=\"http:\/\/localhost\/Aeronavale\/cognac-ba-709-09\/\" class=\"wp-image-267\" srcset=\"https:\/\/aeronavalejc.com\/Aeronavale\/wp-content\/uploads\/2019\/10\/Cognac-BA-709-09.jpg 1772w, https:\/\/aeronavalejc.com\/Aeronavale\/wp-content\/uploads\/2019\/10\/Cognac-BA-709-09-300x169.jpg 300w, https:\/\/aeronavalejc.com\/Aeronavale\/wp-content\/uploads\/2019\/10\/Cognac-BA-709-09-768x432.jpg 768w, https:\/\/aeronavalejc.com\/Aeronavale\/wp-content\/uploads\/2019\/10\/Cognac-BA-709-09-1024x576.jpg 1024w\" sizes=\"(max-width: 1772px) 100vw, 1772px\" \/><figcaption class=\"blocks-gallery-item__caption\"> <em>On y \u00e9tait d\u00e9j\u00e0 !!<\/em> <\/figcaption><\/figure><\/li><li class=\"blocks-gallery-item\"><figure><img decoding=\"async\" loading=\"lazy\" width=\"1800\" height=\"1012\" src=\"https:\/\/aeronavalejc.com\/Aeronavale\/wp-content\/uploads\/2019\/10\/Cognac-BA-709-08.jpg\" alt=\"\" data-id=\"266\" data-link=\"http:\/\/localhost\/Aeronavale\/cognac-ba-709-08\/\" class=\"wp-image-266\" srcset=\"https:\/\/aeronavalejc.com\/Aeronavale\/wp-content\/uploads\/2019\/10\/Cognac-BA-709-08.jpg 1800w, https:\/\/aeronavalejc.com\/Aeronavale\/wp-content\/uploads\/2019\/10\/Cognac-BA-709-08-300x169.jpg 300w, https:\/\/aeronavalejc.com\/Aeronavale\/wp-content\/uploads\/2019\/10\/Cognac-BA-709-08-768x432.jpg 768w, https:\/\/aeronavalejc.com\/Aeronavale\/wp-content\/uploads\/2019\/10\/Cognac-BA-709-08-1024x576.jpg 1024w\" sizes=\"(max-width: 1800px) 100vw, 1800px\" \/><figcaption class=\"blocks-gallery-item__caption\"> <em>Salle de cours sur l&rsquo;hydraulique<\/em> <\/figcaption><\/figure><\/li><li class=\"blocks-gallery-item\"><figure><img decoding=\"async\" loading=\"lazy\" width=\"1709\" height=\"961\" src=\"https:\/\/aeronavalejc.com\/Aeronavale\/wp-content\/uploads\/2019\/10\/Cognac-BA-709-16.jpg\" alt=\"\" data-id=\"274\" data-link=\"http:\/\/localhost\/Aeronavale\/cognac-ba-709-16\/\" class=\"wp-image-274\" srcset=\"https:\/\/aeronavalejc.com\/Aeronavale\/wp-content\/uploads\/2019\/10\/Cognac-BA-709-16.jpg 1709w, https:\/\/aeronavalejc.com\/Aeronavale\/wp-content\/uploads\/2019\/10\/Cognac-BA-709-16-300x169.jpg 300w, https:\/\/aeronavalejc.com\/Aeronavale\/wp-content\/uploads\/2019\/10\/Cognac-BA-709-16-768x432.jpg 768w, https:\/\/aeronavalejc.com\/Aeronavale\/wp-content\/uploads\/2019\/10\/Cognac-BA-709-16-1024x576.jpg 1024w\" sizes=\"(max-width: 1709px) 100vw, 1709px\" \/><figcaption class=\"blocks-gallery-item__caption\"><em>Avant les premiers d\u00e9collages !<\/em><\/figcaption><\/figure><\/li><li class=\"blocks-gallery-item\"><figure><img decoding=\"async\" loading=\"lazy\" width=\"1210\" height=\"1783\" src=\"https:\/\/aeronavalejc.com\/Aeronavale\/wp-content\/uploads\/2019\/10\/Cognac-BA-709-10.jpg\" alt=\"\" data-id=\"268\" data-link=\"http:\/\/localhost\/Aeronavale\/cognac-ba-709-10\/\" class=\"wp-image-268\" srcset=\"https:\/\/aeronavalejc.com\/Aeronavale\/wp-content\/uploads\/2019\/10\/Cognac-BA-709-10.jpg 1210w, https:\/\/aeronavalejc.com\/Aeronavale\/wp-content\/uploads\/2019\/10\/Cognac-BA-709-10-204x300.jpg 204w, https:\/\/aeronavalejc.com\/Aeronavale\/wp-content\/uploads\/2019\/10\/Cognac-BA-709-10-768x1132.jpg 768w, https:\/\/aeronavalejc.com\/Aeronavale\/wp-content\/uploads\/2019\/10\/Cognac-BA-709-10-695x1024.jpg 695w\" sizes=\"(max-width: 1210px) 100vw, 1210px\" \/><figcaption class=\"blocks-gallery-item__caption\"> <em>On en a quand m\u00eame bav\u00e9 !!!<\/em> <\/figcaption><\/figure><\/li><li class=\"blocks-gallery-item\"><figure><img decoding=\"async\" loading=\"lazy\" width=\"1776\" height=\"999\" src=\"https:\/\/aeronavalejc.com\/Aeronavale\/wp-content\/uploads\/2019\/10\/Cognac-BA-709-11.jpg\" alt=\"\" data-id=\"269\" data-link=\"http:\/\/localhost\/Aeronavale\/cognac-ba-709-11\/\" class=\"wp-image-269\" srcset=\"https:\/\/aeronavalejc.com\/Aeronavale\/wp-content\/uploads\/2019\/10\/Cognac-BA-709-11.jpg 1776w, https:\/\/aeronavalejc.com\/Aeronavale\/wp-content\/uploads\/2019\/10\/Cognac-BA-709-11-300x169.jpg 300w, https:\/\/aeronavalejc.com\/Aeronavale\/wp-content\/uploads\/2019\/10\/Cognac-BA-709-11-768x432.jpg 768w, https:\/\/aeronavalejc.com\/Aeronavale\/wp-content\/uploads\/2019\/10\/Cognac-BA-709-11-1024x576.jpg 1024w\" sizes=\"(max-width: 1776px) 100vw, 1776px\" \/><figcaption class=\"blocks-gallery-item__caption\"> <em>Check avant mise en route <\/em><\/figcaption><\/figure><\/li><li class=\"blocks-gallery-item\"><figure><img decoding=\"async\" loading=\"lazy\" width=\"1800\" height=\"1012\" src=\"https:\/\/aeronavalejc.com\/Aeronavale\/wp-content\/uploads\/2019\/10\/Cognac-BA-709-12.jpg\" alt=\"\" data-id=\"270\" data-link=\"http:\/\/localhost\/Aeronavale\/cognac-ba-709-12\/\" class=\"wp-image-270\" srcset=\"https:\/\/aeronavalejc.com\/Aeronavale\/wp-content\/uploads\/2019\/10\/Cognac-BA-709-12.jpg 1800w, https:\/\/aeronavalejc.com\/Aeronavale\/wp-content\/uploads\/2019\/10\/Cognac-BA-709-12-300x169.jpg 300w, https:\/\/aeronavalejc.com\/Aeronavale\/wp-content\/uploads\/2019\/10\/Cognac-BA-709-12-768x432.jpg 768w, https:\/\/aeronavalejc.com\/Aeronavale\/wp-content\/uploads\/2019\/10\/Cognac-BA-709-12-1024x576.jpg 1024w\" sizes=\"(max-width: 1800px) 100vw, 1800px\" \/><figcaption class=\"blocks-gallery-item__caption\"><em>C&rsquo;\u00e9tait<\/em> <em>20 ans avant Top Gun !!<\/em> <\/figcaption><\/figure><\/li><li class=\"blocks-gallery-item\"><figure><img decoding=\"async\" loading=\"lazy\" width=\"1777\" height=\"1000\" src=\"https:\/\/aeronavalejc.com\/Aeronavale\/wp-content\/uploads\/2019\/10\/Cognac-BA-709-14.jpg\" alt=\"\" data-id=\"272\" data-link=\"http:\/\/localhost\/Aeronavale\/cognac-ba-709-14\/\" class=\"wp-image-272\" srcset=\"https:\/\/aeronavalejc.com\/Aeronavale\/wp-content\/uploads\/2019\/10\/Cognac-BA-709-14.jpg 1777w, https:\/\/aeronavalejc.com\/Aeronavale\/wp-content\/uploads\/2019\/10\/Cognac-BA-709-14-300x169.jpg 300w, https:\/\/aeronavalejc.com\/Aeronavale\/wp-content\/uploads\/2019\/10\/Cognac-BA-709-14-768x432.jpg 768w, https:\/\/aeronavalejc.com\/Aeronavale\/wp-content\/uploads\/2019\/10\/Cognac-BA-709-14-1024x576.jpg 1024w\" sizes=\"(max-width: 1777px) 100vw, 1777px\" \/><figcaption class=\"blocks-gallery-item__caption\"> <em>Surveille ton \u00e9tagement !!<\/em> <\/figcaption><\/figure><\/li><li class=\"blocks-gallery-item\"><figure><img decoding=\"async\" loading=\"lazy\" width=\"1582\" height=\"890\" src=\"https:\/\/aeronavalejc.com\/Aeronavale\/wp-content\/uploads\/2019\/10\/Cognac-BA-709-13.jpg\" alt=\"\" data-id=\"271\" data-link=\"http:\/\/localhost\/Aeronavale\/cognac-ba-709-13\/\" class=\"wp-image-271\" srcset=\"https:\/\/aeronavalejc.com\/Aeronavale\/wp-content\/uploads\/2019\/10\/Cognac-BA-709-13.jpg 1582w, https:\/\/aeronavalejc.com\/Aeronavale\/wp-content\/uploads\/2019\/10\/Cognac-BA-709-13-300x169.jpg 300w, https:\/\/aeronavalejc.com\/Aeronavale\/wp-content\/uploads\/2019\/10\/Cognac-BA-709-13-768x432.jpg 768w, https:\/\/aeronavalejc.com\/Aeronavale\/wp-content\/uploads\/2019\/10\/Cognac-BA-709-13-1024x576.jpg 1024w\" sizes=\"(max-width: 1582px) 100vw, 1582px\" \/><figcaption class=\"blocks-gallery-item__caption\"> <em>Top !&nbsp;&nbsp;&nbsp; A\u00e9ro-freins<\/em> <\/figcaption><\/figure><\/li><li class=\"blocks-gallery-item\"><figure><img decoding=\"async\" loading=\"lazy\" width=\"1800\" height=\"1012\" src=\"https:\/\/aeronavalejc.com\/Aeronavale\/wp-content\/uploads\/2019\/10\/Cognac-BA-709-15.jpg\" alt=\"\" data-id=\"273\" data-link=\"http:\/\/localhost\/Aeronavale\/cognac-ba-709-15\/\" class=\"wp-image-273\" srcset=\"https:\/\/aeronavalejc.com\/Aeronavale\/wp-content\/uploads\/2019\/10\/Cognac-BA-709-15.jpg 1800w, https:\/\/aeronavalejc.com\/Aeronavale\/wp-content\/uploads\/2019\/10\/Cognac-BA-709-15-300x169.jpg 300w, https:\/\/aeronavalejc.com\/Aeronavale\/wp-content\/uploads\/2019\/10\/Cognac-BA-709-15-768x432.jpg 768w, https:\/\/aeronavalejc.com\/Aeronavale\/wp-content\/uploads\/2019\/10\/Cognac-BA-709-15-1024x576.jpg 1024w\" sizes=\"(max-width: 1800px) 100vw, 1800px\" \/><figcaption class=\"blocks-gallery-item__caption\"> <em>Je crois que je vais overshooter..!!<\/em> <\/figcaption><\/figure><\/li><li class=\"blocks-gallery-item\"><figure><img decoding=\"async\" loading=\"lazy\" width=\"1654\" height=\"930\" src=\"https:\/\/aeronavalejc.com\/Aeronavale\/wp-content\/uploads\/2019\/10\/Cognac-BA-709-19.jpg\" alt=\"\" data-id=\"277\" data-link=\"http:\/\/localhost\/Aeronavale\/cognac-ba-709-19\/\" class=\"wp-image-277\" srcset=\"https:\/\/aeronavalejc.com\/Aeronavale\/wp-content\/uploads\/2019\/10\/Cognac-BA-709-19.jpg 1654w, https:\/\/aeronavalejc.com\/Aeronavale\/wp-content\/uploads\/2019\/10\/Cognac-BA-709-19-300x169.jpg 300w, https:\/\/aeronavalejc.com\/Aeronavale\/wp-content\/uploads\/2019\/10\/Cognac-BA-709-19-768x432.jpg 768w, https:\/\/aeronavalejc.com\/Aeronavale\/wp-content\/uploads\/2019\/10\/Cognac-BA-709-19-1024x576.jpg 1024w\" sizes=\"(max-width: 1654px) 100vw, 1654px\" \/><figcaption class=\"blocks-gallery-item__caption\"> <em>Pingouins et Aviateurs<\/em> <\/figcaption><\/figure><\/li><li class=\"blocks-gallery-item\"><figure><img decoding=\"async\" loading=\"lazy\" width=\"1513\" height=\"851\" src=\"https:\/\/aeronavalejc.com\/Aeronavale\/wp-content\/uploads\/2019\/10\/Cognac-BA-709-18.jpg\" alt=\"\" data-id=\"276\" data-link=\"http:\/\/localhost\/Aeronavale\/cognac-ba-709-18\/\" class=\"wp-image-276\" srcset=\"https:\/\/aeronavalejc.com\/Aeronavale\/wp-content\/uploads\/2019\/10\/Cognac-BA-709-18.jpg 1513w, https:\/\/aeronavalejc.com\/Aeronavale\/wp-content\/uploads\/2019\/10\/Cognac-BA-709-18-300x169.jpg 300w, https:\/\/aeronavalejc.com\/Aeronavale\/wp-content\/uploads\/2019\/10\/Cognac-BA-709-18-768x432.jpg 768w, https:\/\/aeronavalejc.com\/Aeronavale\/wp-content\/uploads\/2019\/10\/Cognac-BA-709-18-1024x576.jpg 1024w\" sizes=\"(max-width: 1513px) 100vw, 1513px\" \/><figcaption class=\"blocks-gallery-item__caption\"> <em>Pingouins et Aviateurs<\/em> <\/figcaption><\/figure><\/li><li class=\"blocks-gallery-item\"><figure><img decoding=\"async\" loading=\"lazy\" width=\"1376\" height=\"774\" src=\"https:\/\/aeronavalejc.com\/Aeronavale\/wp-content\/uploads\/2019\/10\/Cognac-BA-709-17.jpg\" alt=\"\" data-id=\"275\" data-link=\"http:\/\/localhost\/Aeronavale\/cognac-ba-709-17\/\" class=\"wp-image-275\" srcset=\"https:\/\/aeronavalejc.com\/Aeronavale\/wp-content\/uploads\/2019\/10\/Cognac-BA-709-17.jpg 1376w, https:\/\/aeronavalejc.com\/Aeronavale\/wp-content\/uploads\/2019\/10\/Cognac-BA-709-17-300x169.jpg 300w, https:\/\/aeronavalejc.com\/Aeronavale\/wp-content\/uploads\/2019\/10\/Cognac-BA-709-17-768x432.jpg 768w, https:\/\/aeronavalejc.com\/Aeronavale\/wp-content\/uploads\/2019\/10\/Cognac-BA-709-17-1024x576.jpg 1024w\" sizes=\"(max-width: 1376px) 100vw, 1376px\" \/><figcaption class=\"blocks-gallery-item__caption\"> <em>La promo 68 E<\/em> <\/figcaption><\/figure><\/li><li class=\"blocks-gallery-item\"><figure><img decoding=\"async\" loading=\"lazy\" width=\"1701\" height=\"957\" src=\"https:\/\/aeronavalejc.com\/Aeronavale\/wp-content\/uploads\/2019\/10\/Cognac-BA-709-22.jpg\" alt=\"\" data-id=\"280\" data-link=\"http:\/\/localhost\/Aeronavale\/cognac-ba-709-22\/\" class=\"wp-image-280\" srcset=\"https:\/\/aeronavalejc.com\/Aeronavale\/wp-content\/uploads\/2019\/10\/Cognac-BA-709-22.jpg 1701w, https:\/\/aeronavalejc.com\/Aeronavale\/wp-content\/uploads\/2019\/10\/Cognac-BA-709-22-300x169.jpg 300w, https:\/\/aeronavalejc.com\/Aeronavale\/wp-content\/uploads\/2019\/10\/Cognac-BA-709-22-768x432.jpg 768w, https:\/\/aeronavalejc.com\/Aeronavale\/wp-content\/uploads\/2019\/10\/Cognac-BA-709-22-1024x576.jpg 1024w\" sizes=\"(max-width: 1701px) 100vw, 1701px\" \/><figcaption class=\"blocks-gallery-item__caption\"> <em>Caravelle \u00e0 Cognac<\/em> <\/figcaption><\/figure><\/li><li class=\"blocks-gallery-item\"><figure><img decoding=\"async\" loading=\"lazy\" width=\"1705\" height=\"959\" src=\"https:\/\/aeronavalejc.com\/Aeronavale\/wp-content\/uploads\/2019\/10\/Cognac-BA-709-24.jpg\" alt=\"\" data-id=\"282\" data-link=\"http:\/\/localhost\/Aeronavale\/cognac-ba-709-24\/\" class=\"wp-image-282\" srcset=\"https:\/\/aeronavalejc.com\/Aeronavale\/wp-content\/uploads\/2019\/10\/Cognac-BA-709-24.jpg 1705w, https:\/\/aeronavalejc.com\/Aeronavale\/wp-content\/uploads\/2019\/10\/Cognac-BA-709-24-300x169.jpg 300w, https:\/\/aeronavalejc.com\/Aeronavale\/wp-content\/uploads\/2019\/10\/Cognac-BA-709-24-768x432.jpg 768w, https:\/\/aeronavalejc.com\/Aeronavale\/wp-content\/uploads\/2019\/10\/Cognac-BA-709-24-1024x576.jpg 1024w\" sizes=\"(max-width: 1705px) 100vw, 1705px\" \/><figcaption class=\"blocks-gallery-item__caption\"> <em>Br\u00e9guet 2 ponts \u00e0 Cognac<\/em> <\/figcaption><\/figure><\/li><li class=\"blocks-gallery-item\"><figure><img decoding=\"async\" loading=\"lazy\" width=\"1363\" height=\"767\" src=\"https:\/\/aeronavalejc.com\/Aeronavale\/wp-content\/uploads\/2019\/10\/Cognac-BA-709-20.jpg\" alt=\"\" data-id=\"278\" data-link=\"http:\/\/localhost\/Aeronavale\/cognac-ba-709-20\/\" class=\"wp-image-278\" srcset=\"https:\/\/aeronavalejc.com\/Aeronavale\/wp-content\/uploads\/2019\/10\/Cognac-BA-709-20.jpg 1363w, https:\/\/aeronavalejc.com\/Aeronavale\/wp-content\/uploads\/2019\/10\/Cognac-BA-709-20-300x169.jpg 300w, https:\/\/aeronavalejc.com\/Aeronavale\/wp-content\/uploads\/2019\/10\/Cognac-BA-709-20-768x432.jpg 768w, https:\/\/aeronavalejc.com\/Aeronavale\/wp-content\/uploads\/2019\/10\/Cognac-BA-709-20-1024x576.jpg 1024w\" sizes=\"(max-width: 1363px) 100vw, 1363px\" \/><figcaption class=\"blocks-gallery-item__caption\"> <em>T33-A et R de passage \u00e0 Cognac<\/em> <\/figcaption><\/figure><\/li><li class=\"blocks-gallery-item\"><figure><img decoding=\"async\" loading=\"lazy\" width=\"1344\" height=\"756\" src=\"https:\/\/aeronavalejc.com\/Aeronavale\/wp-content\/uploads\/2019\/10\/Cognac-BA-709-23.jpg\" alt=\"\" data-id=\"281\" data-link=\"http:\/\/localhost\/Aeronavale\/cognac-ba-709-23\/\" class=\"wp-image-281\" srcset=\"https:\/\/aeronavalejc.com\/Aeronavale\/wp-content\/uploads\/2019\/10\/Cognac-BA-709-23.jpg 1344w, https:\/\/aeronavalejc.com\/Aeronavale\/wp-content\/uploads\/2019\/10\/Cognac-BA-709-23-300x169.jpg 300w, https:\/\/aeronavalejc.com\/Aeronavale\/wp-content\/uploads\/2019\/10\/Cognac-BA-709-23-768x432.jpg 768w, https:\/\/aeronavalejc.com\/Aeronavale\/wp-content\/uploads\/2019\/10\/Cognac-BA-709-23-1024x576.jpg 1024w\" sizes=\"(max-width: 1344px) 100vw, 1344px\" \/><figcaption class=\"blocks-gallery-item__caption\"> <em>Bristol Britannia pour les spotters !<\/em> <em>\u00e0 M\u00e9rignac<\/em><\/figcaption><\/figure><\/li><li class=\"blocks-gallery-item\"><figure><img decoding=\"async\" loading=\"lazy\" width=\"1502\" height=\"845\" src=\"https:\/\/aeronavalejc.com\/Aeronavale\/wp-content\/uploads\/2019\/10\/Cognac-BA-709-21.jpg\" alt=\"\" data-id=\"279\" data-link=\"http:\/\/localhost\/Aeronavale\/cognac-ba-709-21\/\" class=\"wp-image-279\" srcset=\"https:\/\/aeronavalejc.com\/Aeronavale\/wp-content\/uploads\/2019\/10\/Cognac-BA-709-21.jpg 1502w, https:\/\/aeronavalejc.com\/Aeronavale\/wp-content\/uploads\/2019\/10\/Cognac-BA-709-21-300x169.jpg 300w, https:\/\/aeronavalejc.com\/Aeronavale\/wp-content\/uploads\/2019\/10\/Cognac-BA-709-21-768x432.jpg 768w, https:\/\/aeronavalejc.com\/Aeronavale\/wp-content\/uploads\/2019\/10\/Cognac-BA-709-21-1024x576.jpg 1024w\" sizes=\"(max-width: 1502px) 100vw, 1502px\" \/><figcaption class=\"blocks-gallery-item__caption\"> <em>Le Mirage IV \u00e0 M\u00e9rignac<\/em> <\/figcaption><\/figure><\/li><\/ul><\/figure>\n","protected":false},"excerpt":{"rendered":"<p>A l&rsquo;issue d&rsquo;une formation militaire de 6 mois \u00e0 Saint Rapha\u00ebl, la promotion Marine 68E arrive dans la premi\u00e8re \u00e9cole ab initio d&rsquo;a\u00e9ronautique de l&rsquo;Arm\u00e9e de l&rsquo;Air \u00e0 Cognac. Nous d\u00e9couvrons nos futurs avions: ceux de la Patrouille de France \u00e0 cette \u00e9poque: Le Fouga CM 170 Magister.<\/p>\n","protected":false},"author":1,"featured_media":0,"parent":0,"menu_order":0,"comment_status":"closed","ping_status":"closed","template":"","meta":{"advgb_blocks_editor_width":"","advgb_blocks_columns_visual_guide":"","_coblocks_attr":"","_coblocks_dimensions":"","_coblocks_responsive_height":"","_coblocks_accordion_ie_support":"","ngg_post_thumbnail":0},"coauthors":[],"author_meta":{"author_link":"https:\/\/aeronavalejc.com\/Aeronavale\/author\/jca\/","display_name":"JCA"},"relative_dates":{"created":"Publi\u00e9 7 ans il y a","modified":"Mis \u00e0 jour 5 ans il y a"},"absolute_dates":{"created":"Publi\u00e9 le 5 octobre 2019","modified":"Mise \u00e0 jour le 21 octobre 2020"},"absolute_dates_time":{"created":"Publi\u00e9 le 5 octobre 2019 15 h 54 min","modified":"Mise \u00e0 jour le 21 octobre 2020 18 h 18 min"},"featured_img_caption":"","featured_img":false,"series_order":"","_links":{"self":[{"href":"https:\/\/aeronavalejc.com\/Aeronavale\/wp-json\/wp\/v2\/pages\/25"}],"collection":[{"href":"https:\/\/aeronavalejc.com\/Aeronavale\/wp-json\/wp\/v2\/pages"}],"about":[{"href":"https:\/\/aeronavalejc.com\/Aeronavale\/wp-json\/wp\/v2\/types\/page"}],"author":[{"embeddable":true,"href":"https:\/\/aeronavalejc.com\/Aeronavale\/wp-json\/wp\/v2\/users\/1"}],"replies":[{"embeddable":true,"href":"https:\/\/aeronavalejc.com\/Aeronavale\/wp-json\/wp\/v2\/comments?post=25"}],"version-history":[{"count":32,"href":"https:\/\/aeronavalejc.com\/Aeronavale\/wp-json\/wp\/v2\/pages\/25\/revisions"}],"predecessor-version":[{"id":1054,"href":"https:\/\/aeronavalejc.com\/Aeronavale\/wp-json\/wp\/v2\/pages\/25\/revisions\/1054"}],"wp:attachment":[{"href":"https:\/\/aeronavalejc.com\/Aeronavale\/wp-json\/wp\/v2\/media?parent=25"}],"curies":[{"name":"wp","href":"https:\/\/api.w.org\/{rel}","templated":true}]}}