{"id":22,"date":"2019-10-05T15:53:16","date_gmt":"2019-10-05T13:53:16","guid":{"rendered":"http:\/\/localhost\/Aeronavale\/?page_id=22"},"modified":"2020-10-21T18:18:00","modified_gmt":"2020-10-21T16:18:00","slug":"frejus-saint-raphael-67-68","status":"publish","type":"page","link":"https:\/\/aeronavalejc.com\/Aeronavale\/frejus-saint-raphael-67-68\/","title":{"rendered":"Fr\u00e9jus-Saint Rapha\u00ebl 1967-1968"},"content":{"rendered":"\n<div style=\"height:25px\" aria-hidden=\"true\" class=\"wp-block-spacer\"><\/div>\n\n\n<h4 style=\"text-align: center;\"><em><span style=\"color: #0000ff;\">En 1967, le recrutement du personnel navigant de l&rsquo;A\u00e9ronavale passait par un tronc commun appel\u00e9 :CPAN ou Cours Pr\u00e9paratoires \u00e0 l&rsquo;A\u00e9ronautique Navale. <\/span><\/em><\/h4>\n<h4 style=\"text-align: center;\"><em><span style=\"color: #0000ff;\">Jeunes engag\u00e9s nous \u00e9tions accueillis \u00e0 la gare de Fr\u00e9jus-Saint Rapha\u00ebl, en provenance de toutes les r\u00e9gions de France.<br><\/span><\/em><\/h4>\n<h4 style=\"text-align: center;\"><em><span style=\"color: #0000ff;\">Les cours se d\u00e9roulaient \u00e0 l&rsquo;\u00e9tage d&rsquo;un \u00e9norme hangar appel\u00e9 Caquot, du nom de l&rsquo;ing\u00e9nieur&nbsp; Caquot.<\/span><\/em><\/h4>\n<p style=\"text-align: center;\"><span style=\"color: #800000;\"><em>Cliquez sur les photos pour les regarder en&nbsp; diaporama<\/em><\/span><\/p>\n\n\n<div style=\"height:41px\" aria-hidden=\"true\" class=\"wp-block-spacer\"><\/div>\n\n\n\n<figure class=\"wp-block-gallery columns-5 wp-block-gallery-1 is-layout-flex\"><ul class=\"blocks-gallery-grid\"><li class=\"blocks-gallery-item\"><figure><img decoding=\"async\" loading=\"lazy\" width=\"1920\" height=\"1080\" src=\"https:\/\/aeronavalejc.com\/Aeronavale\/wp-content\/uploads\/2019\/10\/Diapo-St-Raph-1.jpg\" alt=\"\" data-id=\"190\" data-link=\"http:\/\/localhost\/Aeronavale\/frejus-saint-raphael-67-68\/diapo-st-raph-1\/\" class=\"wp-image-190\" srcset=\"https:\/\/aeronavalejc.com\/Aeronavale\/wp-content\/uploads\/2019\/10\/Diapo-St-Raph-1.jpg 1920w, https:\/\/aeronavalejc.com\/Aeronavale\/wp-content\/uploads\/2019\/10\/Diapo-St-Raph-1-300x169.jpg 300w, https:\/\/aeronavalejc.com\/Aeronavale\/wp-content\/uploads\/2019\/10\/Diapo-St-Raph-1-768x432.jpg 768w, https:\/\/aeronavalejc.com\/Aeronavale\/wp-content\/uploads\/2019\/10\/Diapo-St-Raph-1-1024x576.jpg 1024w\" sizes=\"(max-width: 1920px) 100vw, 1920px\" \/><figcaption class=\"blocks-gallery-item__caption\"><em>L&rsquo;ancienne base de Fr\u00e9jus et la baie de St Rapha\u00ebl<\/em><\/figcaption><\/figure><\/li><li class=\"blocks-gallery-item\"><figure><img decoding=\"async\" loading=\"lazy\" width=\"1332\" height=\"749\" src=\"https:\/\/aeronavalejc.com\/Aeronavale\/wp-content\/uploads\/2019\/10\/StRaph_01-1.jpg\" alt=\"\" data-id=\"192\" data-link=\"http:\/\/localhost\/Aeronavale\/frejus-saint-raphael-67-68\/straph_01-1\/\" class=\"wp-image-192\" srcset=\"https:\/\/aeronavalejc.com\/Aeronavale\/wp-content\/uploads\/2019\/10\/StRaph_01-1.jpg 1332w, https:\/\/aeronavalejc.com\/Aeronavale\/wp-content\/uploads\/2019\/10\/StRaph_01-1-300x169.jpg 300w, https:\/\/aeronavalejc.com\/Aeronavale\/wp-content\/uploads\/2019\/10\/StRaph_01-1-768x432.jpg 768w, https:\/\/aeronavalejc.com\/Aeronavale\/wp-content\/uploads\/2019\/10\/StRaph_01-1-1024x576.jpg 1024w\" sizes=\"(max-width: 1332px) 100vw, 1332px\" \/><figcaption class=\"blocks-gallery-item__caption\"> <em>Girard, Piganeau, Lejeune, Pierm\u00e9, Beuzit,Le Savoureux, Falip, Houille.<\/em> <\/figcaption><\/figure><\/li><li class=\"blocks-gallery-item\"><figure><img decoding=\"async\" loading=\"lazy\" width=\"1344\" height=\"756\" src=\"https:\/\/aeronavalejc.com\/Aeronavale\/wp-content\/uploads\/2019\/10\/StRaph_02-1.jpg\" alt=\"\" data-id=\"193\" data-link=\"http:\/\/localhost\/Aeronavale\/frejus-saint-raphael-67-68\/straph_02-1\/\" class=\"wp-image-193\" srcset=\"https:\/\/aeronavalejc.com\/Aeronavale\/wp-content\/uploads\/2019\/10\/StRaph_02-1.jpg 1344w, https:\/\/aeronavalejc.com\/Aeronavale\/wp-content\/uploads\/2019\/10\/StRaph_02-1-300x169.jpg 300w, https:\/\/aeronavalejc.com\/Aeronavale\/wp-content\/uploads\/2019\/10\/StRaph_02-1-768x432.jpg 768w, https:\/\/aeronavalejc.com\/Aeronavale\/wp-content\/uploads\/2019\/10\/StRaph_02-1-1024x576.jpg 1024w\" sizes=\"(max-width: 1344px) 100vw, 1344px\" \/><figcaption class=\"blocks-gallery-item__caption\"><em>Le pliage sacro saint 25 x 25 <\/em> <\/figcaption><\/figure><\/li><li class=\"blocks-gallery-item\"><figure><img decoding=\"async\" loading=\"lazy\" width=\"1764\" height=\"992\" src=\"https:\/\/aeronavalejc.com\/Aeronavale\/wp-content\/uploads\/2019\/10\/StRaph_03-1.jpg\" alt=\"\" data-id=\"194\" data-link=\"http:\/\/localhost\/Aeronavale\/frejus-saint-raphael-67-68\/straph_03-1\/\" class=\"wp-image-194\" srcset=\"https:\/\/aeronavalejc.com\/Aeronavale\/wp-content\/uploads\/2019\/10\/StRaph_03-1.jpg 1764w, https:\/\/aeronavalejc.com\/Aeronavale\/wp-content\/uploads\/2019\/10\/StRaph_03-1-300x169.jpg 300w, https:\/\/aeronavalejc.com\/Aeronavale\/wp-content\/uploads\/2019\/10\/StRaph_03-1-768x432.jpg 768w, https:\/\/aeronavalejc.com\/Aeronavale\/wp-content\/uploads\/2019\/10\/StRaph_03-1-1024x576.jpg 1024w\" sizes=\"(max-width: 1764px) 100vw, 1764px\" \/><figcaption class=\"blocks-gallery-item__caption\"> <em>Les Flamants MD312 de la SES<\/em> <\/figcaption><\/figure><\/li><li class=\"blocks-gallery-item\"><figure><img decoding=\"async\" loading=\"lazy\" width=\"1770\" height=\"996\" src=\"https:\/\/aeronavalejc.com\/Aeronavale\/wp-content\/uploads\/2019\/10\/StRaph_04-1.jpg\" alt=\"\" data-id=\"195\" data-link=\"http:\/\/localhost\/Aeronavale\/frejus-saint-raphael-67-68\/straph_04-1\/\" class=\"wp-image-195\" srcset=\"https:\/\/aeronavalejc.com\/Aeronavale\/wp-content\/uploads\/2019\/10\/StRaph_04-1.jpg 1770w, https:\/\/aeronavalejc.com\/Aeronavale\/wp-content\/uploads\/2019\/10\/StRaph_04-1-300x169.jpg 300w, https:\/\/aeronavalejc.com\/Aeronavale\/wp-content\/uploads\/2019\/10\/StRaph_04-1-768x432.jpg 768w, https:\/\/aeronavalejc.com\/Aeronavale\/wp-content\/uploads\/2019\/10\/StRaph_04-1-1024x576.jpg 1024w\" sizes=\"(max-width: 1770px) 100vw, 1770px\" \/><figcaption class=\"blocks-gallery-item__caption\"> <em>Le Nord 2504 et les Aliz\u00e9s de la SES<\/em> <\/figcaption><\/figure><\/li><li class=\"blocks-gallery-item\"><figure><img decoding=\"async\" loading=\"lazy\" width=\"1798\" height=\"1011\" src=\"https:\/\/aeronavalejc.com\/Aeronavale\/wp-content\/uploads\/2019\/10\/StRaph_05-1.jpg\" alt=\"\" data-id=\"196\" data-link=\"http:\/\/localhost\/Aeronavale\/frejus-saint-raphael-67-68\/straph_05-1\/\" class=\"wp-image-196\" srcset=\"https:\/\/aeronavalejc.com\/Aeronavale\/wp-content\/uploads\/2019\/10\/StRaph_05-1.jpg 1798w, https:\/\/aeronavalejc.com\/Aeronavale\/wp-content\/uploads\/2019\/10\/StRaph_05-1-300x169.jpg 300w, https:\/\/aeronavalejc.com\/Aeronavale\/wp-content\/uploads\/2019\/10\/StRaph_05-1-768x432.jpg 768w, https:\/\/aeronavalejc.com\/Aeronavale\/wp-content\/uploads\/2019\/10\/StRaph_05-1-1024x576.jpg 1024w\" sizes=\"(max-width: 1798px) 100vw, 1798px\" \/><figcaption class=\"blocks-gallery-item__caption\"> <em>Vue du toit du Caquot<\/em> <\/figcaption><\/figure><\/li><li class=\"blocks-gallery-item\"><figure><img decoding=\"async\" loading=\"lazy\" width=\"1800\" height=\"1012\" src=\"https:\/\/aeronavalejc.com\/Aeronavale\/wp-content\/uploads\/2019\/10\/StRaph_06-1.jpg\" alt=\"\" data-id=\"197\" data-link=\"http:\/\/localhost\/Aeronavale\/frejus-saint-raphael-67-68\/straph_06-1\/\" class=\"wp-image-197\" srcset=\"https:\/\/aeronavalejc.com\/Aeronavale\/wp-content\/uploads\/2019\/10\/StRaph_06-1.jpg 1800w, https:\/\/aeronavalejc.com\/Aeronavale\/wp-content\/uploads\/2019\/10\/StRaph_06-1-300x169.jpg 300w, https:\/\/aeronavalejc.com\/Aeronavale\/wp-content\/uploads\/2019\/10\/StRaph_06-1-768x432.jpg 768w, https:\/\/aeronavalejc.com\/Aeronavale\/wp-content\/uploads\/2019\/10\/StRaph_06-1-1024x576.jpg 1024w\" sizes=\"(max-width: 1800px) 100vw, 1800px\" \/><figcaption class=\"blocks-gallery-item__caption\"> <em>Le C47 de la SES<\/em> <\/figcaption><\/figure><\/li><li class=\"blocks-gallery-item\"><figure><img decoding=\"async\" loading=\"lazy\" width=\"1747\" height=\"983\" src=\"https:\/\/aeronavalejc.com\/Aeronavale\/wp-content\/uploads\/2019\/10\/StRaph_07-1.jpg\" alt=\"\" data-id=\"198\" data-link=\"http:\/\/localhost\/Aeronavale\/frejus-saint-raphael-67-68\/straph_07-1\/\" class=\"wp-image-198\" srcset=\"https:\/\/aeronavalejc.com\/Aeronavale\/wp-content\/uploads\/2019\/10\/StRaph_07-1.jpg 1747w, https:\/\/aeronavalejc.com\/Aeronavale\/wp-content\/uploads\/2019\/10\/StRaph_07-1-300x169.jpg 300w, https:\/\/aeronavalejc.com\/Aeronavale\/wp-content\/uploads\/2019\/10\/StRaph_07-1-768x432.jpg 768w, https:\/\/aeronavalejc.com\/Aeronavale\/wp-content\/uploads\/2019\/10\/StRaph_07-1-1024x576.jpg 1024w\" sizes=\"(max-width: 1747px) 100vw, 1747px\" \/><figcaption class=\"blocks-gallery-item__caption\"> <em>Sur le coffre dans la baie Mitchel et moi<\/em> <\/figcaption><\/figure><\/li><li class=\"blocks-gallery-item\"><figure><img decoding=\"async\" loading=\"lazy\" width=\"1778\" height=\"1000\" src=\"https:\/\/aeronavalejc.com\/Aeronavale\/wp-content\/uploads\/2019\/10\/StRaph_08-1.jpg\" alt=\"\" data-id=\"199\" data-link=\"http:\/\/localhost\/Aeronavale\/frejus-saint-raphael-67-68\/straph_08-1\/\" class=\"wp-image-199\" srcset=\"https:\/\/aeronavalejc.com\/Aeronavale\/wp-content\/uploads\/2019\/10\/StRaph_08-1.jpg 1778w, https:\/\/aeronavalejc.com\/Aeronavale\/wp-content\/uploads\/2019\/10\/StRaph_08-1-300x169.jpg 300w, https:\/\/aeronavalejc.com\/Aeronavale\/wp-content\/uploads\/2019\/10\/StRaph_08-1-768x432.jpg 768w, https:\/\/aeronavalejc.com\/Aeronavale\/wp-content\/uploads\/2019\/10\/StRaph_08-1-1024x576.jpg 1024w\" sizes=\"(max-width: 1778px) 100vw, 1778px\" \/><figcaption class=\"blocks-gallery-item__caption\"> <em>On rigolait bien quand m\u00eame !!<\/em> <\/figcaption><\/figure><\/li><li class=\"blocks-gallery-item\"><figure><img decoding=\"async\" loading=\"lazy\" width=\"1763\" height=\"992\" src=\"https:\/\/aeronavalejc.com\/Aeronavale\/wp-content\/uploads\/2019\/10\/StRaph_09-1.jpg\" alt=\"\" data-id=\"200\" data-link=\"http:\/\/localhost\/Aeronavale\/frejus-saint-raphael-67-68\/straph_09-1\/\" class=\"wp-image-200\" srcset=\"https:\/\/aeronavalejc.com\/Aeronavale\/wp-content\/uploads\/2019\/10\/StRaph_09-1.jpg 1763w, https:\/\/aeronavalejc.com\/Aeronavale\/wp-content\/uploads\/2019\/10\/StRaph_09-1-300x169.jpg 300w, https:\/\/aeronavalejc.com\/Aeronavale\/wp-content\/uploads\/2019\/10\/StRaph_09-1-768x432.jpg 768w, https:\/\/aeronavalejc.com\/Aeronavale\/wp-content\/uploads\/2019\/10\/StRaph_09-1-1024x576.jpg 1024w\" sizes=\"(max-width: 1763px) 100vw, 1763px\" \/><figcaption class=\"blocks-gallery-item__caption\"> <em>Retour de vol<\/em> <\/figcaption><\/figure><\/li><li class=\"blocks-gallery-item\"><figure><img decoding=\"async\" loading=\"lazy\" width=\"1800\" height=\"1013\" src=\"https:\/\/aeronavalejc.com\/Aeronavale\/wp-content\/uploads\/2019\/10\/StRaph_10-1.jpg\" alt=\"\" data-id=\"201\" data-link=\"http:\/\/localhost\/Aeronavale\/frejus-saint-raphael-67-68\/straph_10-1\/\" class=\"wp-image-201\" srcset=\"https:\/\/aeronavalejc.com\/Aeronavale\/wp-content\/uploads\/2019\/10\/StRaph_10-1.jpg 1800w, https:\/\/aeronavalejc.com\/Aeronavale\/wp-content\/uploads\/2019\/10\/StRaph_10-1-300x169.jpg 300w, https:\/\/aeronavalejc.com\/Aeronavale\/wp-content\/uploads\/2019\/10\/StRaph_10-1-768x432.jpg 768w, https:\/\/aeronavalejc.com\/Aeronavale\/wp-content\/uploads\/2019\/10\/StRaph_10-1-1024x576.jpg 1024w\" sizes=\"(max-width: 1800px) 100vw, 1800px\" \/><figcaption class=\"blocks-gallery-item__caption\"> <em>Jean-Michel HOUILLE, Jean-Claude ADRET et G\u00e9rard BEUZIT<\/em> <\/figcaption><\/figure><\/li><li class=\"blocks-gallery-item\"><figure><img decoding=\"async\" loading=\"lazy\" width=\"1800\" height=\"1013\" src=\"https:\/\/aeronavalejc.com\/Aeronavale\/wp-content\/uploads\/2019\/10\/StRaph_11-1.jpg\" alt=\"\" data-id=\"202\" data-link=\"http:\/\/localhost\/Aeronavale\/frejus-saint-raphael-67-68\/straph_11-1\/\" class=\"wp-image-202\" srcset=\"https:\/\/aeronavalejc.com\/Aeronavale\/wp-content\/uploads\/2019\/10\/StRaph_11-1.jpg 1800w, https:\/\/aeronavalejc.com\/Aeronavale\/wp-content\/uploads\/2019\/10\/StRaph_11-1-300x169.jpg 300w, https:\/\/aeronavalejc.com\/Aeronavale\/wp-content\/uploads\/2019\/10\/StRaph_11-1-768x432.jpg 768w, https:\/\/aeronavalejc.com\/Aeronavale\/wp-content\/uploads\/2019\/10\/StRaph_11-1-1024x576.jpg 1024w\" sizes=\"(max-width: 1800px) 100vw, 1800px\" \/><figcaption class=\"blocks-gallery-item__caption\"><em>Notre premier avion: <\/em> <em>Le MS 733<\/em> <\/figcaption><\/figure><\/li><li class=\"blocks-gallery-item\"><figure><img decoding=\"async\" loading=\"lazy\" width=\"3138\" height=\"2080\" src=\"https:\/\/aeronavalejc.com\/Aeronavale\/wp-content\/uploads\/2019\/10\/StRaph_11B-1.jpg\" alt=\"\" data-id=\"203\" data-link=\"http:\/\/localhost\/Aeronavale\/frejus-saint-raphael-67-68\/straph_11b-1\/\" class=\"wp-image-203\" srcset=\"https:\/\/aeronavalejc.com\/Aeronavale\/wp-content\/uploads\/2019\/10\/StRaph_11B-1.jpg 3138w, https:\/\/aeronavalejc.com\/Aeronavale\/wp-content\/uploads\/2019\/10\/StRaph_11B-1-300x199.jpg 300w, https:\/\/aeronavalejc.com\/Aeronavale\/wp-content\/uploads\/2019\/10\/StRaph_11B-1-768x509.jpg 768w, https:\/\/aeronavalejc.com\/Aeronavale\/wp-content\/uploads\/2019\/10\/StRaph_11B-1-1024x679.jpg 1024w\" sizes=\"(max-width: 3138px) 100vw, 3138px\" \/><figcaption class=\"blocks-gallery-item__caption\"><em>Approche sur Fr\u00e9jus St Rapha\u00ebl<\/em><\/figcaption><\/figure><\/li><li class=\"blocks-gallery-item\"><figure><img decoding=\"async\" loading=\"lazy\" width=\"1800\" height=\"1012\" src=\"https:\/\/aeronavalejc.com\/Aeronavale\/wp-content\/uploads\/2019\/10\/StRaph_12-1.jpg\" alt=\"\" data-id=\"204\" data-link=\"http:\/\/localhost\/Aeronavale\/frejus-saint-raphael-67-68\/straph_12-1\/\" class=\"wp-image-204\" srcset=\"https:\/\/aeronavalejc.com\/Aeronavale\/wp-content\/uploads\/2019\/10\/StRaph_12-1.jpg 1800w, https:\/\/aeronavalejc.com\/Aeronavale\/wp-content\/uploads\/2019\/10\/StRaph_12-1-300x169.jpg 300w, https:\/\/aeronavalejc.com\/Aeronavale\/wp-content\/uploads\/2019\/10\/StRaph_12-1-768x432.jpg 768w, https:\/\/aeronavalejc.com\/Aeronavale\/wp-content\/uploads\/2019\/10\/StRaph_12-1-1024x576.jpg 1024w\" sizes=\"(max-width: 1800px) 100vw, 1800px\" \/><figcaption class=\"blocks-gallery-item__caption\"><em>En finale<\/em><\/figcaption><\/figure><\/li><li class=\"blocks-gallery-item\"><figure><img decoding=\"async\" loading=\"lazy\" width=\"1762\" height=\"1230\" src=\"https:\/\/aeronavalejc.com\/Aeronavale\/wp-content\/uploads\/2019\/10\/StRaph_13-1.jpg\" alt=\"\" data-id=\"205\" data-link=\"http:\/\/localhost\/Aeronavale\/frejus-saint-raphael-67-68\/straph_13-1\/\" class=\"wp-image-205\" srcset=\"https:\/\/aeronavalejc.com\/Aeronavale\/wp-content\/uploads\/2019\/10\/StRaph_13-1.jpg 1762w, https:\/\/aeronavalejc.com\/Aeronavale\/wp-content\/uploads\/2019\/10\/StRaph_13-1-300x209.jpg 300w, https:\/\/aeronavalejc.com\/Aeronavale\/wp-content\/uploads\/2019\/10\/StRaph_13-1-768x536.jpg 768w, https:\/\/aeronavalejc.com\/Aeronavale\/wp-content\/uploads\/2019\/10\/StRaph_13-1-1024x715.jpg 1024w\" sizes=\"(max-width: 1762px) 100vw, 1762px\" \/><figcaption class=\"blocks-gallery-item__caption\"> <em>Tu veux voir La Madrague ?<\/em> <\/figcaption><\/figure><\/li><li class=\"blocks-gallery-item\"><figure><img decoding=\"async\" loading=\"lazy\" width=\"1781\" height=\"1002\" src=\"https:\/\/aeronavalejc.com\/Aeronavale\/wp-content\/uploads\/2019\/10\/StRaph_14-1.jpg\" alt=\"\" data-id=\"206\" data-link=\"http:\/\/localhost\/Aeronavale\/frejus-saint-raphael-67-68\/straph_14-1\/\" class=\"wp-image-206\" srcset=\"https:\/\/aeronavalejc.com\/Aeronavale\/wp-content\/uploads\/2019\/10\/StRaph_14-1.jpg 1781w, https:\/\/aeronavalejc.com\/Aeronavale\/wp-content\/uploads\/2019\/10\/StRaph_14-1-300x169.jpg 300w, https:\/\/aeronavalejc.com\/Aeronavale\/wp-content\/uploads\/2019\/10\/StRaph_14-1-768x432.jpg 768w, https:\/\/aeronavalejc.com\/Aeronavale\/wp-content\/uploads\/2019\/10\/StRaph_14-1-1024x576.jpg 1024w\" sizes=\"(max-width: 1781px) 100vw, 1781px\" \/><figcaption class=\"blocks-gallery-item__caption\"> <br><br> <em>St Trop !!..on avait la c\u00f4te en mataf !!<\/em> <\/figcaption><\/figure><\/li><li class=\"blocks-gallery-item\"><figure><img decoding=\"async\" loading=\"lazy\" width=\"1800\" height=\"1013\" src=\"https:\/\/aeronavalejc.com\/Aeronavale\/wp-content\/uploads\/2019\/10\/StRaph_15-2.jpg\" alt=\"\" data-id=\"207\" data-link=\"http:\/\/localhost\/Aeronavale\/frejus-saint-raphael-67-68\/straph_15-2-2\/\" class=\"wp-image-207\" srcset=\"https:\/\/aeronavalejc.com\/Aeronavale\/wp-content\/uploads\/2019\/10\/StRaph_15-2.jpg 1800w, https:\/\/aeronavalejc.com\/Aeronavale\/wp-content\/uploads\/2019\/10\/StRaph_15-2-300x169.jpg 300w, https:\/\/aeronavalejc.com\/Aeronavale\/wp-content\/uploads\/2019\/10\/StRaph_15-2-768x432.jpg 768w, https:\/\/aeronavalejc.com\/Aeronavale\/wp-content\/uploads\/2019\/10\/StRaph_15-2-1024x576.jpg 1024w\" sizes=\"(max-width: 1800px) 100vw, 1800px\" \/><figcaption class=\"blocks-gallery-item__caption\"> <em>De D \u00e0 G: Cerisier,Falip,moi,Boileau,Le Savoureux,Houille,Girard<\/em> <\/figcaption><\/figure><\/li><li class=\"blocks-gallery-item\"><figure><img decoding=\"async\" loading=\"lazy\" width=\"3688\" height=\"2257\" src=\"https:\/\/aeronavalejc.com\/Aeronavale\/wp-content\/uploads\/2019\/10\/StRaph_015.jpg\" alt=\"\" data-id=\"209\" data-link=\"http:\/\/localhost\/Aeronavale\/frejus-saint-raphael-67-68\/straph_015\/\" class=\"wp-image-209\" srcset=\"https:\/\/aeronavalejc.com\/Aeronavale\/wp-content\/uploads\/2019\/10\/StRaph_015.jpg 3688w, https:\/\/aeronavalejc.com\/Aeronavale\/wp-content\/uploads\/2019\/10\/StRaph_015-300x184.jpg 300w, https:\/\/aeronavalejc.com\/Aeronavale\/wp-content\/uploads\/2019\/10\/StRaph_015-768x470.jpg 768w, https:\/\/aeronavalejc.com\/Aeronavale\/wp-content\/uploads\/2019\/10\/StRaph_015-1024x627.jpg 1024w\" sizes=\"(max-width: 3688px) 100vw, 3688px\" \/><figcaption class=\"blocks-gallery-item__caption\"> <em>Avant le d\u00e9part pour Cognac <\/em><\/figcaption><\/figure><\/li><li class=\"blocks-gallery-item\"><figure><img decoding=\"async\" loading=\"lazy\" width=\"3087\" height=\"2125\" src=\"https:\/\/aeronavalejc.com\/Aeronavale\/wp-content\/uploads\/2019\/10\/n\u00e9gatif041-1.jpg\" alt=\"\" data-id=\"191\" data-link=\"http:\/\/localhost\/Aeronavale\/frejus-saint-raphael-67-68\/negatif041-1\/\" class=\"wp-image-191\" srcset=\"https:\/\/aeronavalejc.com\/Aeronavale\/wp-content\/uploads\/2019\/10\/n\u00e9gatif041-1.jpg 3087w, https:\/\/aeronavalejc.com\/Aeronavale\/wp-content\/uploads\/2019\/10\/n\u00e9gatif041-1-300x207.jpg 300w, https:\/\/aeronavalejc.com\/Aeronavale\/wp-content\/uploads\/2019\/10\/n\u00e9gatif041-1-768x529.jpg 768w, https:\/\/aeronavalejc.com\/Aeronavale\/wp-content\/uploads\/2019\/10\/n\u00e9gatif041-1-1024x705.jpg 1024w\" sizes=\"(max-width: 3087px) 100vw, 3087px\" \/><figcaption class=\"blocks-gallery-item__caption\"><em>Nous \u00e9tions en mai 68, pas de train, le trajet vers Cognac s&rsquo;effectue en Noratlas, le Nord 2504 de la SES<\/em> !<\/figcaption><\/figure><\/li><\/ul><\/figure>\n","protected":false},"excerpt":{"rendered":"<p>En 1967, le recrutement du personnel navigant de l&rsquo;A\u00e9ronavale passait par un tronc commun appel\u00e9 :CPAN ou Cours Pr\u00e9paratoires \u00e0 l&rsquo;A\u00e9ronautique Navale. Jeunes engag\u00e9s nous \u00e9tions accueillis \u00e0 la gare de Fr\u00e9jus-Saint Rapha\u00ebl, en provenance de toutes les r\u00e9gions de France. Les cours se d\u00e9roulaient \u00e0 l&rsquo;\u00e9tage d&rsquo;un \u00e9norme hangar appel\u00e9 Caquot, du nom de [&hellip;]<\/p>\n","protected":false},"author":1,"featured_media":0,"parent":0,"menu_order":0,"comment_status":"closed","ping_status":"closed","template":"","meta":{"advgb_blocks_editor_width":"","advgb_blocks_columns_visual_guide":"","_coblocks_attr":"","_coblocks_dimensions":"","_coblocks_responsive_height":"","_coblocks_accordion_ie_support":"","ngg_post_thumbnail":0},"coauthors":[],"author_meta":{"author_link":"https:\/\/aeronavalejc.com\/Aeronavale\/author\/jca\/","display_name":"JCA"},"relative_dates":{"created":"Publi\u00e9 7 ans il y a","modified":"Mis \u00e0 jour 5 ans il y a"},"absolute_dates":{"created":"Publi\u00e9 le 5 octobre 2019","modified":"Mise \u00e0 jour le 21 octobre 2020"},"absolute_dates_time":{"created":"Publi\u00e9 le 5 octobre 2019 15 h 53 min","modified":"Mise \u00e0 jour le 21 octobre 2020 18 h 18 min"},"featured_img_caption":"","featured_img":false,"series_order":"","_links":{"self":[{"href":"https:\/\/aeronavalejc.com\/Aeronavale\/wp-json\/wp\/v2\/pages\/22"}],"collection":[{"href":"https:\/\/aeronavalejc.com\/Aeronavale\/wp-json\/wp\/v2\/pages"}],"about":[{"href":"https:\/\/aeronavalejc.com\/Aeronavale\/wp-json\/wp\/v2\/types\/page"}],"author":[{"embeddable":true,"href":"https:\/\/aeronavalejc.com\/Aeronavale\/wp-json\/wp\/v2\/users\/1"}],"replies":[{"embeddable":true,"href":"https:\/\/aeronavalejc.com\/Aeronavale\/wp-json\/wp\/v2\/comments?post=22"}],"version-history":[{"count":33,"href":"https:\/\/aeronavalejc.com\/Aeronavale\/wp-json\/wp\/v2\/pages\/22\/revisions"}],"predecessor-version":[{"id":1053,"href":"https:\/\/aeronavalejc.com\/Aeronavale\/wp-json\/wp\/v2\/pages\/22\/revisions\/1053"}],"wp:attachment":[{"href":"https:\/\/aeronavalejc.com\/Aeronavale\/wp-json\/wp\/v2\/media?parent=22"}],"curies":[{"name":"wp","href":"https:\/\/api.w.org\/{rel}","templated":true}]}}