{"id":14,"date":"2019-10-05T15:50:11","date_gmt":"2019-10-05T13:50:11","guid":{"rendered":"http:\/\/localhost\/Aeronavale\/?page_id=14"},"modified":"2019-10-07T14:39:02","modified_gmt":"2019-10-07T12:39:02","slug":"me-contacter","status":"publish","type":"page","link":"https:\/\/aeronavalejc.com\/Aeronavale\/me-contacter\/","title":{"rendered":"Me contacter"},"content":{"rendered":"\n<div style=\"height:100px\" aria-hidden=\"true\" class=\"wp-block-spacer\"><\/div>\n\n\n\n\t\t<div class=\"coblocks-form\" id=\"1f89119abcc7b629af9322333ca5e0f8be35d929\">\n\n\t\t\t\n\t\t\t<form action=\"https:\/\/aeronavalejc.com\/Aeronavale\/me-contacter\/#1f89119abcc7b629af9322333ca5e0f8be35d929\" method=\"post\">\n\t\t\t\t\n<label for=\"nom-et-prenom\" class=\"coblocks-label\">Nom et Pr\u00e9nom<\/label>\n\t\t<input type=\"hidden\" name=\"field-nom-et-prenom[label]\" value=\"Nom et Pr\u00e9nom\">\n\n\t\t\t\t<input type=\"hidden\" id=\"name-field-id\" name=\"name-field-id\" class=\"coblocks-name-field-id\" value=\"field-nom-et-prenom\" \/>\n\t\t\n\t\t<input type=\"text\" id=\"nom-et-prenom\" name=\"field-nom-et-prenom[value]\" class=\"coblocks-field coblocks-field--name\"  \/>\n\n\t\t\n\n<label for=\"votre-mail\" class=\"coblocks-label\">Votre mail <span class=\"required\">&#042;<\/span><\/label>\n\t\t<input type=\"hidden\" name=\"field-votre-mail[label]\" value=\"Votre mail\">\n\n\t\t\n\t\t<input type=\"hidden\" id=\"email-field-id\" name=\"email-field-id\" class=\"coblocks-email-field-id\" value=\"field-votre-mail\" \/>\n\t\t<input type=\"email\" id=\"votre-mail\" name=\"field-votre-mail[value]\" class=\"coblocks-field coblocks-field--email\" required \/>\n\n\t\t\n\n<label for=\"message-ou-commentaire\" class=\"coblocks-label\"> Message ou commentaire <span class=\"required\">&#042;<\/span><\/label>\n\t\t<input type=\"hidden\" name=\"field-message-ou-commentaire[label]\" value=\" Message ou commentaire\">\n\n\t\t\n\t\t<textarea name=\"field-message-ou-commentaire[value]\" id=\"message-ou-commentaire\" class=\"coblocks-field coblocks-textarea\" rows=\"20\" required><\/textarea>\n\n\t\t\n\t\t\t\t<input class=\"coblocks-field verify\" type=\"email\" name=\"coblocks-verify-email\" autocomplete=\"off\" placeholder=\"E-mail\" tabindex=\"-1\">\n\t\t\t\t<input type=\"hidden\" name=\"form-hash\" value=\"1f89119abcc7b629af9322333ca5e0f8be35d929\">\n\n\t\t\t\t\n\t\t<div class=\"coblocks-form__submit wp-block-button\">\n\t\t\t<button type=\"submit\" class=\"wp-block-button__link\" style=\"\">Envoyer<\/button>\n\t\t\t<input type=\"hidden\" id=\"form-submit\" name=\"form-submit\" value=\"dfbd69baeb\" \/><input type=\"hidden\" name=\"_wp_http_referer\" value=\"\/Aeronavale\/wp-json\/wp\/v2\/pages\/14\" \/>\t\t\t<input type=\"hidden\" name=\"action\" value=\"coblocks-form-submit\">\n\n\t\t\t\t\t<\/div>\n\n\t\t\t\t\t<\/form>\n\n\t\t<\/div>\n\n\t\t","protected":false},"excerpt":{"rendered":"","protected":false},"author":1,"featured_media":0,"parent":0,"menu_order":0,"comment_status":"closed","ping_status":"closed","template":"","meta":{"advgb_blocks_editor_width":"","advgb_blocks_columns_visual_guide":"","_coblocks_attr":"","_coblocks_dimensions":"","_coblocks_responsive_height":"","_coblocks_accordion_ie_support":"","ngg_post_thumbnail":0},"coauthors":[],"author_meta":{"author_link":"https:\/\/aeronavalejc.com\/Aeronavale\/author\/jca\/","display_name":"JCA"},"relative_dates":{"created":"Publi\u00e9 7 ans il y a","modified":"Mis \u00e0 jour 7 ans il y a"},"absolute_dates":{"created":"Publi\u00e9 le 5 octobre 2019","modified":"Mise \u00e0 jour le 7 octobre 2019"},"absolute_dates_time":{"created":"Publi\u00e9 le 5 octobre 2019 15 h 50 min","modified":"Mise \u00e0 jour le 7 octobre 2019 14 h 39 min"},"featured_img_caption":"","featured_img":false,"series_order":"","_links":{"self":[{"href":"https:\/\/aeronavalejc.com\/Aeronavale\/wp-json\/wp\/v2\/pages\/14"}],"collection":[{"href":"https:\/\/aeronavalejc.com\/Aeronavale\/wp-json\/wp\/v2\/pages"}],"about":[{"href":"https:\/\/aeronavalejc.com\/Aeronavale\/wp-json\/wp\/v2\/types\/page"}],"author":[{"embeddable":true,"href":"https:\/\/aeronavalejc.com\/Aeronavale\/wp-json\/wp\/v2\/users\/1"}],"replies":[{"embeddable":true,"href":"https:\/\/aeronavalejc.com\/Aeronavale\/wp-json\/wp\/v2\/comments?post=14"}],"version-history":[{"count":4,"href":"https:\/\/aeronavalejc.com\/Aeronavale\/wp-json\/wp\/v2\/pages\/14\/revisions"}],"predecessor-version":[{"id":250,"href":"https:\/\/aeronavalejc.com\/Aeronavale\/wp-json\/wp\/v2\/pages\/14\/revisions\/250"}],"wp:attachment":[{"href":"https:\/\/aeronavalejc.com\/Aeronavale\/wp-json\/wp\/v2\/media?parent=14"}],"curies":[{"name":"wp","href":"https:\/\/api.w.org\/{rel}","templated":true}]}}