{"id":1107,"date":"2022-03-23T11:04:34","date_gmt":"2022-03-23T10:04:34","guid":{"rendered":"https:\/\/aeronavalejc.com\/Aeronavale\/accueil\/"},"modified":"2022-03-28T15:15:14","modified_gmt":"2022-03-28T13:15:14","slug":"accueil","status":"publish","type":"page","link":"https:\/\/aeronavalejc.com\/Aeronavale\/","title":{"rendered":"Avec  l&rsquo;A\u00c9RONAVALE"},"content":{"rendered":"\n<div class=\"wp-block-columns is-layout-flex wp-container-4\">\n<div class=\"wp-block-column is-layout-flow\" style=\"flex-basis:25%\">\n<figure class=\"wp-block-image size-full is-resized\"><img decoding=\"async\" loading=\"lazy\" src=\"https:\/\/aeronavalejc.com\/Aeronavale\/wp-content\/uploads\/2022\/03\/Les-avions.jpg\" alt=\"\" class=\"wp-image-1204\" width=\"283\" height=\"865\" srcset=\"https:\/\/aeronavalejc.com\/Aeronavale\/wp-content\/uploads\/2022\/03\/Les-avions.jpg 197w, https:\/\/aeronavalejc.com\/Aeronavale\/wp-content\/uploads\/2022\/03\/Les-avions-98x300.jpg 98w\" sizes=\"(max-width: 283px) 100vw, 283px\" \/><figcaption><em>Les avions<\/em><\/figcaption><\/figure>\n<\/div>\n\n\n\n<div class=\"wp-block-column is-layout-flow\" style=\"flex-basis:50%\">\n<div style=\"height:97px\" aria-hidden=\"true\" class=\"wp-block-spacer\"><\/div>\n\n\n\n<h1 class=\"has-text-align-center has-vivid-cyan-blue-color has-text-color wp-block-heading\" id=\"bienvenue-dans-laviation-de-patrouille-maritime-9d137d4c-6a80-43a9-a1d2-c2e79a4f65ce\"><em><strong>Bienvenue dans l&rsquo;aviation de patrouille maritime<\/strong><\/em><\/h1>\n\n\n\n<div style=\"height:161px\" aria-hidden=\"true\" class=\"wp-block-spacer\"><\/div>\n\n\n\n<h2 class=\"has-text-align-center has-vivid-cyan-blue-color has-text-color wp-block-heading\" id=\"souvenirs-de-20-annees-daeronavale-ou-jai-realise-ma-passion-de-laviation--0d208f61-3137-4f1f-b684-6d55f6ffc980\"><em>Souvenirs de 20 ann\u00e9es d&rsquo;A\u00e9ronavale ou j&rsquo;ai r\u00e9alis\u00e9 ma passion de l&rsquo;aviation.<\/em><\/h2>\n\n\n\n<div style=\"height:50px\" aria-hidden=\"true\" class=\"wp-block-spacer\"><\/div>\n\n\n\n<h2 class=\"has-text-align-center has-vivid-cyan-blue-color has-text-color wp-block-heading\" id=\"je-souhaite-que-nombre-dentre-vous-ce-reconnaitrons-au-fil-de-ces-photos--435d4d37-4612-4e6e-b8c1-6c109e2e1b68\"><em>Je souhaite que nombre d&rsquo;entre vous se reconnaitront au fil de ces photos.<\/em><\/h2>\n\n\n\n<div style=\"height:50px\" aria-hidden=\"true\" class=\"wp-block-spacer\"><\/div>\n\n\n\n<h2 class=\"has-text-align-center has-vivid-cyan-blue-color has-text-color wp-block-heading\" id=\"je-dedie-ces-images-a-tous-ceux-qui-ont-replie-leurs-ailes-definitivement--ba41b3a6-5516-4ec2-b861-4745def4665f\"><em>Je d\u00e9die ces images \u00e0 tous ceux qui ont repli\u00e9 leurs ailes d\u00e9finitivement.<\/em><\/h2>\n\n\n\n<div style=\"height:43px\" aria-hidden=\"true\" class=\"wp-block-spacer\"><\/div>\n\n\n\n<h3 class=\"has-text-align-center has-vivid-cyan-blue-color has-text-color wp-block-heading\">&#8211;   <em>(LV (R))      Jean-Claude<\/em> <em>ADRET<\/em>  &#8211;<\/h3>\n<\/div>\n\n\n\n<div class=\"wp-block-column is-layout-flow\" style=\"flex-basis:25%\">\n<figure class=\"wp-block-image size-full is-resized\"><img decoding=\"async\" loading=\"lazy\" src=\"https:\/\/aeronavalejc.com\/Aeronavale\/wp-content\/uploads\/2022\/03\/Les-marins.jpg\" alt=\"\" class=\"wp-image-1205\" width=\"282\" height=\"853\" srcset=\"https:\/\/aeronavalejc.com\/Aeronavale\/wp-content\/uploads\/2022\/03\/Les-marins.jpg 198w, https:\/\/aeronavalejc.com\/Aeronavale\/wp-content\/uploads\/2022\/03\/Les-marins-99x300.jpg 99w\" sizes=\"(max-width: 282px) 100vw, 282px\" \/><figcaption><em>Les marins<\/em><\/figcaption><\/figure>\n<\/div>\n<\/div>\n","protected":false},"excerpt":{"rendered":"<p>Bienvenue dans l&rsquo;aviation de patrouille maritime Souvenirs de 20 ann\u00e9es d&rsquo;A\u00e9ronavale ou j&rsquo;ai r\u00e9alis\u00e9 ma passion de l&rsquo;aviation. Je souhaite que nombre d&rsquo;entre vous se reconnaitront au fil de ces photos. Je d\u00e9die ces images \u00e0 tous ceux qui ont repli\u00e9 leurs ailes d\u00e9finitivement. &#8211; (LV (R)) Jean-Claude ADRET &#8211;<\/p>\n","protected":false},"author":1,"featured_media":0,"parent":0,"menu_order":1,"comment_status":"closed","ping_status":"closed","template":"","meta":{"advgb_blocks_editor_width":"","advgb_blocks_columns_visual_guide":"","_coblocks_attr":"","_coblocks_dimensions":"","_coblocks_responsive_height":"","_coblocks_accordion_ie_support":"","ngg_post_thumbnail":0},"coauthors":[],"author_meta":{"author_link":"https:\/\/aeronavalejc.com\/Aeronavale\/author\/jca\/","display_name":"JCA"},"relative_dates":{"created":"Publi\u00e9 4 ans il y a","modified":"Mis \u00e0 jour 4 ans il y a"},"absolute_dates":{"created":"Publi\u00e9 le 23 mars 2022","modified":"Mise \u00e0 jour le 28 mars 2022"},"absolute_dates_time":{"created":"Publi\u00e9 le 23 mars 2022 11 h 04 min","modified":"Mise \u00e0 jour le 28 mars 2022 15 h 15 min"},"featured_img_caption":"","featured_img":false,"series_order":"","_links":{"self":[{"href":"https:\/\/aeronavalejc.com\/Aeronavale\/wp-json\/wp\/v2\/pages\/1107"}],"collection":[{"href":"https:\/\/aeronavalejc.com\/Aeronavale\/wp-json\/wp\/v2\/pages"}],"about":[{"href":"https:\/\/aeronavalejc.com\/Aeronavale\/wp-json\/wp\/v2\/types\/page"}],"author":[{"embeddable":true,"href":"https:\/\/aeronavalejc.com\/Aeronavale\/wp-json\/wp\/v2\/users\/1"}],"replies":[{"embeddable":true,"href":"https:\/\/aeronavalejc.com\/Aeronavale\/wp-json\/wp\/v2\/comments?post=1107"}],"version-history":[{"count":9,"href":"https:\/\/aeronavalejc.com\/Aeronavale\/wp-json\/wp\/v2\/pages\/1107\/revisions"}],"predecessor-version":[{"id":1211,"href":"https:\/\/aeronavalejc.com\/Aeronavale\/wp-json\/wp\/v2\/pages\/1107\/revisions\/1211"}],"wp:attachment":[{"href":"https:\/\/aeronavalejc.com\/Aeronavale\/wp-json\/wp\/v2\/media?parent=1107"}],"curies":[{"name":"wp","href":"https:\/\/api.w.org\/{rel}","templated":true}]}}