{"id":1087,"date":"2020-11-17T17:50:39","date_gmt":"2020-11-17T16:50:39","guid":{"rendered":"http:\/\/aeronavalejc.com\/Aeronavale\/?page_id=1087"},"modified":"2020-11-17T17:51:41","modified_gmt":"2020-11-17T16:51:41","slug":"dassault-falcon-da10","status":"publish","type":"page","link":"https:\/\/aeronavalejc.com\/Aeronavale\/dassault-falcon-da10\/","title":{"rendered":"Dassault FALCON DA10"},"content":{"rendered":"\n<h3 class=\"has-text-align-center has-vivid-cyan-blue-color has-text-color wp-block-heading\"><em>Le Falcon 10<\/em><\/h3>\n\n\n\n<p><\/p>\n\n\n\n<div class=\"wp-block-media-text alignwide is-stacked-on-mobile is-image-fill is-style-default\"><figure class=\"wp-block-media-text__media\" style=\"background-image:url(https:\/\/aeronavalejc.com\/Aeronavale\/wp-content\/uploads\/2019\/11\/Falcon_10.jpg);background-position:92% 54%\"><img decoding=\"async\" loading=\"lazy\" width=\"600\" height=\"337\" src=\"https:\/\/aeronavalejc.com\/Aeronavale\/wp-content\/uploads\/2019\/11\/Falcon_10.jpg\" alt=\"\" class=\"wp-image-715\" srcset=\"https:\/\/aeronavalejc.com\/Aeronavale\/wp-content\/uploads\/2019\/11\/Falcon_10.jpg 600w, https:\/\/aeronavalejc.com\/Aeronavale\/wp-content\/uploads\/2019\/11\/Falcon_10-300x169.jpg 300w\" sizes=\"(max-width: 600px) 100vw, 600px\" \/><\/figure><div class=\"wp-block-media-text__content\">\n<p class=\"has-vivid-cyan-blue-color has-text-color has-normal-font-size\"><em>Avec cet avion,j&rsquo;ai chang\u00e9 de dimensions : A mach 0.85 et au niveau de vol 390, c&rsquo;est une autre fa\u00e7on de voler.<\/em><\/p>\n\n\n\n<p class=\"has-vivid-cyan-blue-color has-text-color has-normal-font-size\"><em>Ses missions \u00e0 la SRL puis 57S \u00e9taient l&rsquo;entrainement au vol IFR et \u00e0 l\u2019atterrissage tous temps des pilotes de chasse.<\/em><\/p>\n\n\n\n<p class=\"has-vivid-cyan-blue-color has-text-color\"><em>Le DA10 servait aussi de plastron pour les Crusader et \u00c9tendard IV<\/em>.<\/p>\n\n\n\n<p class=\"has-vivid-cyan-blue-color has-text-color\"><em>On assurait \u00e9galement la mise en place rapide de personnels des Flottilles 12F, 14F et 16F, ainsi que le transport de VIP.<\/em><\/p>\n\n\n\n<div class=\"wp-block-buttons aligncenter is-layout-flex\">\n<div class=\"wp-block-button\"><a class=\"wp-block-button__link has-vivid-red-color has-light-green-cyan-background-color has-text-color has-background\" href=\"https:\/\/aeronavalejc.com\/Aeronavale\/wp-admin\/images\/galerie_falcon\/index.html\" target=\"_blank\" rel=\"noreferrer noopener\">Galerie<\/a><\/div>\n<\/div>\n\n\n\n<p><\/p>\n\n\n\n<p><\/p>\n<\/div><\/div>\n\n\n\n<p><\/p>\n","protected":false},"excerpt":{"rendered":"<p>Le Falcon 10<\/p>\n","protected":false},"author":1,"featured_media":0,"parent":0,"menu_order":0,"comment_status":"closed","ping_status":"closed","template":"","meta":{"advgb_blocks_editor_width":"","advgb_blocks_columns_visual_guide":"","_coblocks_attr":"","_coblocks_dimensions":"","_coblocks_responsive_height":"","_coblocks_accordion_ie_support":"","ngg_post_thumbnail":0},"coauthors":[],"author_meta":{"author_link":"https:\/\/aeronavalejc.com\/Aeronavale\/author\/jca\/","display_name":"JCA"},"relative_dates":{"created":"Publi\u00e9 5 ans il y a","modified":"Mis \u00e0 jour 5 ans il y a"},"absolute_dates":{"created":"Publi\u00e9 le 17 novembre 2020","modified":"Mise \u00e0 jour le 17 novembre 2020"},"absolute_dates_time":{"created":"Publi\u00e9 le 17 novembre 2020 17 h 50 min","modified":"Mise \u00e0 jour le 17 novembre 2020 17 h 51 min"},"featured_img_caption":"","featured_img":false,"series_order":"","_links":{"self":[{"href":"https:\/\/aeronavalejc.com\/Aeronavale\/wp-json\/wp\/v2\/pages\/1087"}],"collection":[{"href":"https:\/\/aeronavalejc.com\/Aeronavale\/wp-json\/wp\/v2\/pages"}],"about":[{"href":"https:\/\/aeronavalejc.com\/Aeronavale\/wp-json\/wp\/v2\/types\/page"}],"author":[{"embeddable":true,"href":"https:\/\/aeronavalejc.com\/Aeronavale\/wp-json\/wp\/v2\/users\/1"}],"replies":[{"embeddable":true,"href":"https:\/\/aeronavalejc.com\/Aeronavale\/wp-json\/wp\/v2\/comments?post=1087"}],"version-history":[{"count":8,"href":"https:\/\/aeronavalejc.com\/Aeronavale\/wp-json\/wp\/v2\/pages\/1087\/revisions"}],"predecessor-version":[{"id":1095,"href":"https:\/\/aeronavalejc.com\/Aeronavale\/wp-json\/wp\/v2\/pages\/1087\/revisions\/1095"}],"wp:attachment":[{"href":"https:\/\/aeronavalejc.com\/Aeronavale\/wp-json\/wp\/v2\/media?parent=1087"}],"curies":[{"name":"wp","href":"https:\/\/api.w.org\/{rel}","templated":true}]}}