{"id":1059,"date":"2020-11-11T09:20:02","date_gmt":"2020-11-11T08:20:02","guid":{"rendered":"http:\/\/aeronavalejc.com\/Aeronavale\/?page_id=1059"},"modified":"2020-11-19T09:17:30","modified_gmt":"2020-11-19T08:17:30","slug":"au-fil-des-meetings","status":"publish","type":"page","link":"https:\/\/aeronavalejc.com\/Aeronavale\/au-fil-des-meetings\/","title":{"rendered":"Au Fil des Meetings"},"content":{"rendered":"\n<div style=\"height:20px\" aria-hidden=\"true\" class=\"wp-block-spacer\"><\/div>\n\n\n\n<div class=\"wp-block-coblocks-media-card alignwide is-style-left is-stacked-on-mobile coblocks-media-card-1013174650123\"><div class=\"wp-block-coblocks-media-card__inner has-white-background-color has-background bg-cover has-background-image bg-no-repeat bg-center-center has-padding\" style=\"background-image:url(https:\/\/aeronavalejc.com\/Aeronavale\/wp-content\/uploads\/2020\/11\/Collage_avions-2.jpg)\"><div class=\"wp-block-coblocks-media-card__wrapper\"><figure class=\"wp-block-coblocks-media-card__media\"><img decoding=\"async\" loading=\"lazy\" width=\"600\" height=\"600\" src=\"https:\/\/aeronavalejc.com\/Aeronavale\/wp-content\/uploads\/2020\/11\/collage_warbird-.jpg\" alt=\"\" class=\"wp-image-1061\" srcset=\"https:\/\/aeronavalejc.com\/Aeronavale\/wp-content\/uploads\/2020\/11\/collage_warbird-.jpg 600w, https:\/\/aeronavalejc.com\/Aeronavale\/wp-content\/uploads\/2020\/11\/collage_warbird--300x300.jpg 300w, https:\/\/aeronavalejc.com\/Aeronavale\/wp-content\/uploads\/2020\/11\/collage_warbird--150x150.jpg 150w\" sizes=\"(max-width: 600px) 100vw, 600px\" \/><\/figure><div class=\"wp-block-coblocks-media-card__content has-shadow\">\n<div class=\"wp-block-coblocks-row coblocks-row-1013174650255\" data-columns=\"1\" data-layout=\"100\"><div class=\"wp-block-coblocks-row__inner has-background has-text-color has-luminous-vivid-amber-color has-padding has-no-margin is-stacked-on-mobile has-medium-gutter\" style=\"background-color:#918675\">\n<div class=\"wp-block-coblocks-column coblocks-column-1013174650258\" style=\"width:100%\"><div class=\"wp-block-coblocks-column__inner has-no-padding has-no-margin\">\n<p class=\"has-normal-font-size\"><em>Quelques avions au fil des meetings.<\/em><\/p>\n\n\n\n<p class=\"has-luminous-vivid-amber-color has-text-color has-normal-font-size\"><em>Souvenir pour des machines que l&rsquo;on ne verra plus !<\/em><\/p>\n\n\n\n<p class=\"has-luminous-vivid-amber-color has-text-color has-normal-font-size\"><em>Hommage \u00e0 ceux qui les maintiennent en vol <\/em>.<\/p>\n<\/div><\/div>\n<\/div><\/div>\n<\/div><\/div><\/div><\/div>\n\n\n\n<p><\/p>\n\n\n\n<div class=\"wp-block-buttons aligncenter is-layout-flex\">\n<div class=\"wp-block-button is-style-shadow\"><a class=\"wp-block-button__link has-vivid-cyan-blue-color has-cyan-bluish-gray-background-color has-text-color has-background\" href=\"https:\/\/aeronavalejc.com\/Aeronavale\/wp-admin\/images\/galerie_avant_1930\/index.html\">Avant 1930<\/a><\/div>\n\n\n\n<div class=\"wp-block-button\"><a class=\"wp-block-button__link has-vivid-purple-color has-vivid-green-cyan-background-color has-text-color has-background\" href=\"https:\/\/aeronavalejc.com\/Aeronavale\/wp-admin\/images\/galerie_1930-1952\/index.html\">1930 \u00e0 1952<\/a><\/div>\n\n\n\n<div class=\"wp-block-button\"><a class=\"wp-block-button__link has-vivid-red-color has-pale-cyan-blue-background-color has-text-color has-background\" href=\"https:\/\/aeronavalejc.com\/Aeronavale\/wp-admin\/images\/galerie_apr\u00e8s-1952\/index.html\"> Apr\u00e8s 1952<\/a><\/div>\n<\/div>\n\n\n\n<p><\/p>\n","protected":false},"excerpt":{"rendered":"","protected":false},"author":1,"featured_media":0,"parent":0,"menu_order":0,"comment_status":"closed","ping_status":"closed","template":"","meta":{"advgb_blocks_editor_width":"","advgb_blocks_columns_visual_guide":"","_coblocks_attr":"","_coblocks_dimensions":"{\"coblocks-media-card-1013174650123\":{\"padding\":{}},\"coblocks-row-1013174650255\":{\"padding\":{\"paddingTop\":\"11px\",\"paddingRight\":\"11px\",\"paddingBottom\":\"11px\",\"paddingLeft\":\"11px\",\"paddingTopTablet\":null,\"paddingRightTablet\":null,\"paddingBottomTablet\":null,\"paddingLeftTablet\":null,\"paddingTopMobile\":null,\"paddingRightMobile\":null,\"paddingBottomMobile\":null,\"paddingLeftMobile\":null}}}","_coblocks_responsive_height":"","_coblocks_accordion_ie_support":"","ngg_post_thumbnail":0},"coauthors":[],"author_meta":{"author_link":"https:\/\/aeronavalejc.com\/Aeronavale\/author\/jca\/","display_name":"JCA"},"relative_dates":{"created":"Publi\u00e9 5 ans il y a","modified":"Mis \u00e0 jour 5 ans il y a"},"absolute_dates":{"created":"Publi\u00e9 le 11 novembre 2020","modified":"Mise \u00e0 jour le 19 novembre 2020"},"absolute_dates_time":{"created":"Publi\u00e9 le 11 novembre 2020 9 h 20 min","modified":"Mise \u00e0 jour le 19 novembre 2020 9 h 17 min"},"featured_img_caption":"","featured_img":false,"series_order":"","_links":{"self":[{"href":"https:\/\/aeronavalejc.com\/Aeronavale\/wp-json\/wp\/v2\/pages\/1059"}],"collection":[{"href":"https:\/\/aeronavalejc.com\/Aeronavale\/wp-json\/wp\/v2\/pages"}],"about":[{"href":"https:\/\/aeronavalejc.com\/Aeronavale\/wp-json\/wp\/v2\/types\/page"}],"author":[{"embeddable":true,"href":"https:\/\/aeronavalejc.com\/Aeronavale\/wp-json\/wp\/v2\/users\/1"}],"replies":[{"embeddable":true,"href":"https:\/\/aeronavalejc.com\/Aeronavale\/wp-json\/wp\/v2\/comments?post=1059"}],"version-history":[{"count":22,"href":"https:\/\/aeronavalejc.com\/Aeronavale\/wp-json\/wp\/v2\/pages\/1059\/revisions"}],"predecessor-version":[{"id":1097,"href":"https:\/\/aeronavalejc.com\/Aeronavale\/wp-json\/wp\/v2\/pages\/1059\/revisions\/1097"}],"wp:attachment":[{"href":"https:\/\/aeronavalejc.com\/Aeronavale\/wp-json\/wp\/v2\/media?parent=1059"}],"curies":[{"name":"wp","href":"https:\/\/api.w.org\/{rel}","templated":true}]}}