{"id":10,"date":"2019-10-05T15:48:56","date_gmt":"2019-10-05T13:48:56","guid":{"rendered":"http:\/\/localhost\/Aeronavale\/?page_id=10"},"modified":"2019-10-05T15:49:05","modified_gmt":"2019-10-05T13:49:05","slug":"les-avions","status":"publish","type":"page","link":"https:\/\/aeronavalejc.com\/Aeronavale\/les-avions\/","title":{"rendered":"Les AVIONS"},"content":{"rendered":"","protected":false},"excerpt":{"rendered":"","protected":false},"author":1,"featured_media":0,"parent":0,"menu_order":0,"comment_status":"closed","ping_status":"closed","template":"","meta":{"advgb_blocks_editor_width":"","advgb_blocks_columns_visual_guide":"","_coblocks_attr":"","_coblocks_dimensions":"","_coblocks_responsive_height":"","_coblocks_accordion_ie_support":"","ngg_post_thumbnail":0},"coauthors":[],"author_meta":{"author_link":"https:\/\/aeronavalejc.com\/Aeronavale\/author\/jca\/","display_name":"JCA"},"relative_dates":{"created":"Publi\u00e9 7 ans il y a","modified":"Mis \u00e0 jour 7 ans il y a"},"absolute_dates":{"created":"Publi\u00e9 le 5 octobre 2019","modified":"Mise \u00e0 jour le 5 octobre 2019"},"absolute_dates_time":{"created":"Publi\u00e9 le 5 octobre 2019 15 h 48 min","modified":"Mise \u00e0 jour le 5 octobre 2019 15 h 49 min"},"featured_img_caption":"","featured_img":false,"series_order":"","_links":{"self":[{"href":"https:\/\/aeronavalejc.com\/Aeronavale\/wp-json\/wp\/v2\/pages\/10"}],"collection":[{"href":"https:\/\/aeronavalejc.com\/Aeronavale\/wp-json\/wp\/v2\/pages"}],"about":[{"href":"https:\/\/aeronavalejc.com\/Aeronavale\/wp-json\/wp\/v2\/types\/page"}],"author":[{"embeddable":true,"href":"https:\/\/aeronavalejc.com\/Aeronavale\/wp-json\/wp\/v2\/users\/1"}],"replies":[{"embeddable":true,"href":"https:\/\/aeronavalejc.com\/Aeronavale\/wp-json\/wp\/v2\/comments?post=10"}],"version-history":[{"count":1,"href":"https:\/\/aeronavalejc.com\/Aeronavale\/wp-json\/wp\/v2\/pages\/10\/revisions"}],"predecessor-version":[{"id":11,"href":"https:\/\/aeronavalejc.com\/Aeronavale\/wp-json\/wp\/v2\/pages\/10\/revisions\/11"}],"wp:attachment":[{"href":"https:\/\/aeronavalejc.com\/Aeronavale\/wp-json\/wp\/v2\/media?parent=10"}],"curies":[{"name":"wp","href":"https:\/\/api.w.org\/{rel}","templated":true}]}}